{"id":31384,"date":"2025-03-12T01:32:47","date_gmt":"2025-03-12T00:32:47","guid":{"rendered":"https:\/\/www.tc26-bijoux.com\/?post_type=product&#038;p=31384"},"modified":"2025-03-21T13:27:22","modified_gmt":"2025-03-21T12:27:22","slug":"lucile-or-blancdiamant","status":"publish","type":"product","link":"https:\/\/www.tc26-bijoux.com\/?product=lucile-or-blancdiamant","title":{"rendered":"Lucile or blanc,Diamant"},"content":{"rendered":"<p>La bague Lucile en or 18 carats est disponible en blanc ou en jaune, vous offrant la possibilit\u00e9 de choisir celle qui correspond le mieux \u00e0 votre style. Elle est sertie de diamants d&rsquo;une puret\u00e9 GVS, qui ajoutent une brillance \u00e9clatante \u00e0 la pi\u00e8ce. Vous pouvez choisir entre un poids total de pierres de 0,25 ou 0,55 carats. Cette bague est compos\u00e9e de 3 diamants, dispos\u00e9s de mani\u00e8re \u00e9l\u00e9gante. Avec une largeur de bande de 2,5 mm, cette bague offre un \u00e9quilibre parfait entre finesse et pr\u00e9sence. Une pi\u00e8ce d\u00e9licate et raffin\u00e9e pour ajouter une touche d&rsquo;\u00e9l\u00e9gance \u00e0 votre collection de bijoux.<\/p>\n","protected":false},"excerpt":{"rendered":"<p>Mati\u00e8re\u00a0: Or 18 Carats<\/p>\n<p>Couleur m\u00e9tal\u00a0: Blanc \/ Jaune<\/p>\n<p>Nature de\u00a0la \u00a0Pierres\u00a0: Diamants\u00a0<\/p>\n<p>Poid total des Pierres\u00a0\u00a0:\u00a00.25 \/ 0.55 Carats<\/p>\n<p>Nombre de Pierres\u00a0\u00a0: 3\u00a0Diamants\u00a0\u00a0<\/p>\n<p>Largeur de la bande\u00a0: 2.5\u00a0 mm<\/p>\n<p>Puret\u00e9 \u00a0Diamants\u00a0: GVS\u00a0<\/p>\n<p>R\u00e9f\u00e9rence\u00a0: BJR0021 \/ BJR022<\/p>\n","protected":false},"featured_media":1046,"template":"","meta":{"_seopress_robots_primary_cat":"","_seopress_titles_title":"","_seopress_titles_desc":"","_seopress_robots_index":"","_seopress_analysis_target_kw":"","iawp_total_views":2},"product_brand":[],"product_cat":[78],"product_tag":[],"class_list":{"0":"post-31384","1":"product","2":"type-product","3":"status-publish","4":"has-post-thumbnail","6":"product_cat-bagues-diamants","8":"first","9":"instock","10":"shipping-taxable","11":"purchasable","12":"product-type-variable"},"_links":{"self":[{"href":"https:\/\/www.tc26-bijoux.com\/index.php?rest_route=\/wp\/v2\/product\/31384","targetHints":{"allow":["GET"]}}],"collection":[{"href":"https:\/\/www.tc26-bijoux.com\/index.php?rest_route=\/wp\/v2\/product"}],"about":[{"href":"https:\/\/www.tc26-bijoux.com\/index.php?rest_route=\/wp\/v2\/types\/product"}],"wp:featuredmedia":[{"embeddable":true,"href":"https:\/\/www.tc26-bijoux.com\/index.php?rest_route=\/wp\/v2\/media\/1046"}],"wp:attachment":[{"href":"https:\/\/www.tc26-bijoux.com\/index.php?rest_route=%2Fwp%2Fv2%2Fmedia&parent=31384"}],"wp:term":[{"taxonomy":"product_brand","embeddable":true,"href":"https:\/\/www.tc26-bijoux.com\/index.php?rest_route=%2Fwp%2Fv2%2Fproduct_brand&post=31384"},{"taxonomy":"product_cat","embeddable":true,"href":"https:\/\/www.tc26-bijoux.com\/index.php?rest_route=%2Fwp%2Fv2%2Fproduct_cat&post=31384"},{"taxonomy":"product_tag","embeddable":true,"href":"https:\/\/www.tc26-bijoux.com\/index.php?rest_route=%2Fwp%2Fv2%2Fproduct_tag&post=31384"}],"curies":[{"name":"wp","href":"https:\/\/api.w.org\/{rel}","templated":true}]}}