{"id":31604,"date":"2025-03-12T01:33:32","date_gmt":"2025-03-12T00:33:32","guid":{"rendered":"https:\/\/www.tc26-bijoux.com\/?post_type=product&#038;p=31604"},"modified":"2025-03-21T13:27:39","modified_gmt":"2025-03-21T12:27:39","slug":"solitaire-or-18-carats-et-diamants-kathy-2","status":"publish","type":"product","link":"https:\/\/www.tc26-bijoux.com\/?product=solitaire-or-18-carats-et-diamants-kathy-2","title":{"rendered":"Solitaire Or 18 Carats et Diamants Kathy"},"content":{"rendered":"<p>Le solitaire Kathy est une bague en or 18 carats avec un diamant central. Disponible en blanc ou en rose, cette bague est orn\u00e9e d&rsquo;une pierre centrale d&rsquo;un caratage de 0.17 carats, ajoutant une touche d&rsquo;\u00e9clat subtile \u00e0 votre doigt. Le caratage total des diamants dans la bague est de 0.27 carats, ce qui contribue \u00e0 son allure brillante et \u00e9l\u00e9gante. La bande de la bague a une largeur de 1.3 mm, offrant un \u00e9quilibre parfait entre finesse et durabilit\u00e9. Le solitaire Kathy est un choix intemporel et raffin\u00e9 pour symboliser l&rsquo;amour et l&rsquo;engagement.<\/p>\n","protected":false},"excerpt":{"rendered":"<p>Le solitaire Kathy est une bague en or 18 carats avec un diamant central. Disponible en blanc ou en rose, cette bague est orn\u00e9e d&rsquo;une pierre<span class=\"excerpt-hellip\"> [\u2026]<\/span><\/p>\n","protected":false},"featured_media":960,"template":"","meta":{"_seopress_robots_primary_cat":"","_seopress_titles_title":"","_seopress_titles_desc":"","_seopress_robots_index":"","_seopress_analysis_target_kw":"","iawp_total_views":6},"product_brand":[],"product_cat":[78],"product_tag":[],"class_list":{"0":"post-31604","1":"product","2":"type-product","3":"status-publish","4":"has-post-thumbnail","6":"product_cat-bagues-diamants","8":"first","9":"instock","10":"shipping-taxable","11":"purchasable","12":"product-type-variable"},"_links":{"self":[{"href":"https:\/\/www.tc26-bijoux.com\/index.php?rest_route=\/wp\/v2\/product\/31604","targetHints":{"allow":["GET"]}}],"collection":[{"href":"https:\/\/www.tc26-bijoux.com\/index.php?rest_route=\/wp\/v2\/product"}],"about":[{"href":"https:\/\/www.tc26-bijoux.com\/index.php?rest_route=\/wp\/v2\/types\/product"}],"wp:featuredmedia":[{"embeddable":true,"href":"https:\/\/www.tc26-bijoux.com\/index.php?rest_route=\/wp\/v2\/media\/960"}],"wp:attachment":[{"href":"https:\/\/www.tc26-bijoux.com\/index.php?rest_route=%2Fwp%2Fv2%2Fmedia&parent=31604"}],"wp:term":[{"taxonomy":"product_brand","embeddable":true,"href":"https:\/\/www.tc26-bijoux.com\/index.php?rest_route=%2Fwp%2Fv2%2Fproduct_brand&post=31604"},{"taxonomy":"product_cat","embeddable":true,"href":"https:\/\/www.tc26-bijoux.com\/index.php?rest_route=%2Fwp%2Fv2%2Fproduct_cat&post=31604"},{"taxonomy":"product_tag","embeddable":true,"href":"https:\/\/www.tc26-bijoux.com\/index.php?rest_route=%2Fwp%2Fv2%2Fproduct_tag&post=31604"}],"curies":[{"name":"wp","href":"https:\/\/api.w.org\/{rel}","templated":true}]}}