{"id":31861,"date":"2025-03-12T01:34:29","date_gmt":"2025-03-12T00:34:29","guid":{"rendered":"https:\/\/www.tc26-bijoux.com\/?post_type=product&#038;p=31861"},"modified":"2025-03-21T13:28:09","modified_gmt":"2025-03-21T12:28:09","slug":"demie-alliance-diamants-et-or-18-carats-lyna-2","status":"publish","type":"product","link":"https:\/\/www.tc26-bijoux.com\/?product=demie-alliance-diamants-et-or-18-carats-lyna-2","title":{"rendered":"Demie-Alliance Diamants et Or 18 Carats Lyna"},"content":{"rendered":"<p>La demi-alliance Lyna en or 18 carats et diamants est un bijou d\u00e9licat et raffin\u00e9. Avec un caratage total de 0,20 ou 0,50 carats r\u00e9partis sur 7 diamants, cette demi-alliance offre un \u00e9clat subtil et \u00e9l\u00e9gant. La largeur de la bande de 3 \u00e0 3,5 mm ajoute une dimension suppl\u00e9mentaire \u00e0 son design. Que ce soit comme alliance de mariage ou comme bijou symbolique, la demi-alliance Lyna est un choix classique et intemporel qui c\u00e9l\u00e8bre l&rsquo;amour et l&rsquo;engagement.<\/p>\n","protected":false},"excerpt":{"rendered":"<p>La demi-alliance Lyna en or 18 carats et diamants est un bijou d\u00e9licat et raffin\u00e9. Avec un caratage total de 0,20 ou 0,50 carats r\u00e9partis sur<span class=\"excerpt-hellip\"> [\u2026]<\/span><\/p>\n","protected":false},"featured_media":1265,"template":"","meta":{"_seopress_robots_primary_cat":"","_seopress_titles_title":"","_seopress_titles_desc":"","_seopress_robots_index":"","_seopress_analysis_target_kw":"","iawp_total_views":0},"product_brand":[],"product_cat":[78],"product_tag":[],"class_list":{"0":"post-31861","1":"product","2":"type-product","3":"status-publish","4":"has-post-thumbnail","6":"product_cat-bagues-diamants","8":"first","9":"instock","10":"shipping-taxable","11":"purchasable","12":"product-type-variable"},"_links":{"self":[{"href":"https:\/\/www.tc26-bijoux.com\/index.php?rest_route=\/wp\/v2\/product\/31861","targetHints":{"allow":["GET"]}}],"collection":[{"href":"https:\/\/www.tc26-bijoux.com\/index.php?rest_route=\/wp\/v2\/product"}],"about":[{"href":"https:\/\/www.tc26-bijoux.com\/index.php?rest_route=\/wp\/v2\/types\/product"}],"wp:featuredmedia":[{"embeddable":true,"href":"https:\/\/www.tc26-bijoux.com\/index.php?rest_route=\/wp\/v2\/media\/1265"}],"wp:attachment":[{"href":"https:\/\/www.tc26-bijoux.com\/index.php?rest_route=%2Fwp%2Fv2%2Fmedia&parent=31861"}],"wp:term":[{"taxonomy":"product_brand","embeddable":true,"href":"https:\/\/www.tc26-bijoux.com\/index.php?rest_route=%2Fwp%2Fv2%2Fproduct_brand&post=31861"},{"taxonomy":"product_cat","embeddable":true,"href":"https:\/\/www.tc26-bijoux.com\/index.php?rest_route=%2Fwp%2Fv2%2Fproduct_cat&post=31861"},{"taxonomy":"product_tag","embeddable":true,"href":"https:\/\/www.tc26-bijoux.com\/index.php?rest_route=%2Fwp%2Fv2%2Fproduct_tag&post=31861"}],"curies":[{"name":"wp","href":"https:\/\/api.w.org\/{rel}","templated":true}]}}