{"id":32116,"date":"2025-03-12T01:35:31","date_gmt":"2025-03-12T00:35:31","guid":{"rendered":"https:\/\/www.tc26-bijoux.com\/?post_type=product&#038;p=32116"},"modified":"2025-03-21T13:28:31","modified_gmt":"2025-03-21T12:28:31","slug":"solitaire-or-18-carat-et-diamants-celyna-2","status":"publish","type":"product","link":"https:\/\/www.tc26-bijoux.com\/?product=solitaire-or-18-carat-et-diamants-celyna-2","title":{"rendered":"Solitaire Or 18 carat et Diamants Celyna"},"content":{"rendered":"<p>Le solitaire \u00ab\u00a0Celyna\u00a0\u00bb en or 18 carats est une magnifique pi\u00e8ce orn\u00e9e de diamants. Elle pr\u00e9sente une pierre centrale d&rsquo;un caratage de 0,20 carats, entour\u00e9e de diamants suppl\u00e9mentaires pour un caratage total de 0,30 carats. Les diamants ont une puret\u00e9 GVS, garantissant leur brillance et leur clart\u00e9. La bande de la bague a une largeur de 1,3 mm, ce qui conf\u00e8re \u00e0 la pi\u00e8ce une allure d\u00e9licate et f\u00e9minine. La bague \u00ab\u00a0Celyna\u00a0\u00bb est un choix \u00e9l\u00e9gant et intemporel pour compl\u00e9ter votre collection de bijoux et ajouter une touche de glamour \u00e0 votre style.<\/p>\n","protected":false},"excerpt":{"rendered":"<p>Le solitaire \u00ab\u00a0Celyna\u00a0\u00bb en or 18 carats est une magnifique pi\u00e8ce orn\u00e9e de diamants. Elle pr\u00e9sente une pierre centrale d&rsquo;un caratage de 0,20 carats, entour\u00e9e de<span class=\"excerpt-hellip\"> [\u2026]<\/span><\/p>\n","protected":false},"featured_media":964,"template":"","meta":{"_seopress_robots_primary_cat":"","_seopress_titles_title":"","_seopress_titles_desc":"","_seopress_robots_index":"","_seopress_analysis_target_kw":"","iawp_total_views":1},"product_brand":[],"product_cat":[78],"product_tag":[],"class_list":{"0":"post-32116","1":"product","2":"type-product","3":"status-publish","4":"has-post-thumbnail","6":"product_cat-bagues-diamants","8":"first","9":"instock","10":"shipping-taxable","11":"purchasable","12":"product-type-variable"},"_links":{"self":[{"href":"https:\/\/www.tc26-bijoux.com\/index.php?rest_route=\/wp\/v2\/product\/32116","targetHints":{"allow":["GET"]}}],"collection":[{"href":"https:\/\/www.tc26-bijoux.com\/index.php?rest_route=\/wp\/v2\/product"}],"about":[{"href":"https:\/\/www.tc26-bijoux.com\/index.php?rest_route=\/wp\/v2\/types\/product"}],"wp:featuredmedia":[{"embeddable":true,"href":"https:\/\/www.tc26-bijoux.com\/index.php?rest_route=\/wp\/v2\/media\/964"}],"wp:attachment":[{"href":"https:\/\/www.tc26-bijoux.com\/index.php?rest_route=%2Fwp%2Fv2%2Fmedia&parent=32116"}],"wp:term":[{"taxonomy":"product_brand","embeddable":true,"href":"https:\/\/www.tc26-bijoux.com\/index.php?rest_route=%2Fwp%2Fv2%2Fproduct_brand&post=32116"},{"taxonomy":"product_cat","embeddable":true,"href":"https:\/\/www.tc26-bijoux.com\/index.php?rest_route=%2Fwp%2Fv2%2Fproduct_cat&post=32116"},{"taxonomy":"product_tag","embeddable":true,"href":"https:\/\/www.tc26-bijoux.com\/index.php?rest_route=%2Fwp%2Fv2%2Fproduct_tag&post=32116"}],"curies":[{"name":"wp","href":"https:\/\/api.w.org\/{rel}","templated":true}]}}