{"id":32407,"date":"2025-03-12T01:37:01","date_gmt":"2025-03-12T00:37:01","guid":{"rendered":"https:\/\/www.tc26-bijoux.com\/?post_type=product&#038;p=32407"},"modified":"2025-03-21T13:29:04","modified_gmt":"2025-03-21T12:29:04","slug":"solitaire-or-diamants-lindsy-2","status":"publish","type":"product","link":"https:\/\/www.tc26-bijoux.com\/?product=solitaire-or-diamants-lindsy-2","title":{"rendered":"Solitaire Or Diamants Lindsy"},"content":{"rendered":"<p>Le solitaire Lindsy, en Or 18 carats et en diamants, est un solitaire qui conivent \u00e0 tout types de femmes. En effet avec une ligne \u00e9l\u00e9gante, elle \u00e0 la fois classique et \u00e9pur\u00e9e. La simplicit\u00e9 de cette bague met en avant la pierre centrale, un dimant d&rsquo;une brillance incomparable. Ce diamants scintillant est choisi avec une exigence minutieuse, assurant ainsi son \u00e9clat et sa qualit\u00e9 exceptionnels. Offrez vous cette pi\u00e8ce intemporelle et laissez la simplicit\u00e9 raffin\u00e9e de cette bague solitaire en or 18 carats blanc illuminer votre vie avec une \u00e9l\u00e9gance sans pareille.<\/p>\n","protected":false},"excerpt":{"rendered":"<p>Le solitaire Lindsy, en Or 18 carats et en diamants, est un solitaire qui conivent \u00e0 tout types de femmes. En effet avec une ligne \u00e9l\u00e9gante,<span class=\"excerpt-hellip\"> [\u2026]<\/span><\/p>\n","protected":false},"featured_media":5344,"template":"","meta":{"_seopress_robots_primary_cat":"","_seopress_titles_title":"","_seopress_titles_desc":"","_seopress_robots_index":"","_seopress_analysis_target_kw":"","iawp_total_views":0},"product_brand":[],"product_cat":[78],"product_tag":[],"class_list":{"0":"post-32407","1":"product","2":"type-product","3":"status-publish","4":"has-post-thumbnail","6":"product_cat-bagues-diamants","8":"first","9":"instock","10":"shipping-taxable","11":"purchasable","12":"product-type-variable"},"_links":{"self":[{"href":"https:\/\/www.tc26-bijoux.com\/index.php?rest_route=\/wp\/v2\/product\/32407","targetHints":{"allow":["GET"]}}],"collection":[{"href":"https:\/\/www.tc26-bijoux.com\/index.php?rest_route=\/wp\/v2\/product"}],"about":[{"href":"https:\/\/www.tc26-bijoux.com\/index.php?rest_route=\/wp\/v2\/types\/product"}],"wp:featuredmedia":[{"embeddable":true,"href":"https:\/\/www.tc26-bijoux.com\/index.php?rest_route=\/wp\/v2\/media\/5344"}],"wp:attachment":[{"href":"https:\/\/www.tc26-bijoux.com\/index.php?rest_route=%2Fwp%2Fv2%2Fmedia&parent=32407"}],"wp:term":[{"taxonomy":"product_brand","embeddable":true,"href":"https:\/\/www.tc26-bijoux.com\/index.php?rest_route=%2Fwp%2Fv2%2Fproduct_brand&post=32407"},{"taxonomy":"product_cat","embeddable":true,"href":"https:\/\/www.tc26-bijoux.com\/index.php?rest_route=%2Fwp%2Fv2%2Fproduct_cat&post=32407"},{"taxonomy":"product_tag","embeddable":true,"href":"https:\/\/www.tc26-bijoux.com\/index.php?rest_route=%2Fwp%2Fv2%2Fproduct_tag&post=32407"}],"curies":[{"name":"wp","href":"https:\/\/api.w.org\/{rel}","templated":true}]}}