{"id":32844,"date":"2025-03-12T01:39:00","date_gmt":"2025-03-12T00:39:00","guid":{"rendered":"https:\/\/www.tc26-bijoux.com\/?post_type=product&#038;p=32844"},"modified":"2025-03-21T13:29:50","modified_gmt":"2025-03-21T12:29:50","slug":"solitaire-diamants-et-or-18-carats-maheva-2","status":"publish","type":"product","link":"https:\/\/www.tc26-bijoux.com\/?product=solitaire-diamants-et-or-18-carats-maheva-2","title":{"rendered":"Solitaire Diamants et Or 18 Carats Maheva"},"content":{"rendered":"<p>Le solitaire Maheva en or 18 carats est disponible en blanc et en rose. La pierre centrale est un diamant d&rsquo;un caratage de 0,20 carats, apportant \u00e9clat et brillance \u00e0 la bague. Le caratage total des diamants pr\u00e9sents sur la bague est de 0,30 carats, ajoutant une touche suppl\u00e9mentaire de scintillement. La bande du solitaire a une largeur de 1,3 mm, ce qui lui conf\u00e8re une apparence d\u00e9licate et raffin\u00e9e. Le solitaire Maheva est un choix \u00e9l\u00e9gant et intemporel, id\u00e9al pour c\u00e9l\u00e9brer un moment sp\u00e9cial ou pour \u00eatre port\u00e9 au quotidien.<\/p>\n","protected":false},"excerpt":{"rendered":"<p>Le solitaire Maheva en or 18 carats est disponible en blanc et en rose. La pierre centrale est un diamant d&rsquo;un caratage de 0,20 carats, apportant<span class=\"excerpt-hellip\"> [\u2026]<\/span><\/p>\n","protected":false},"featured_media":962,"template":"","meta":{"_seopress_robots_primary_cat":"","_seopress_titles_title":"","_seopress_titles_desc":"","_seopress_robots_index":"","_seopress_analysis_target_kw":"","iawp_total_views":1},"product_brand":[],"product_cat":[78],"product_tag":[],"class_list":{"0":"post-32844","1":"product","2":"type-product","3":"status-publish","4":"has-post-thumbnail","6":"product_cat-bagues-diamants","8":"first","9":"instock","10":"shipping-taxable","11":"purchasable","12":"product-type-variable"},"_links":{"self":[{"href":"https:\/\/www.tc26-bijoux.com\/index.php?rest_route=\/wp\/v2\/product\/32844","targetHints":{"allow":["GET"]}}],"collection":[{"href":"https:\/\/www.tc26-bijoux.com\/index.php?rest_route=\/wp\/v2\/product"}],"about":[{"href":"https:\/\/www.tc26-bijoux.com\/index.php?rest_route=\/wp\/v2\/types\/product"}],"wp:featuredmedia":[{"embeddable":true,"href":"https:\/\/www.tc26-bijoux.com\/index.php?rest_route=\/wp\/v2\/media\/962"}],"wp:attachment":[{"href":"https:\/\/www.tc26-bijoux.com\/index.php?rest_route=%2Fwp%2Fv2%2Fmedia&parent=32844"}],"wp:term":[{"taxonomy":"product_brand","embeddable":true,"href":"https:\/\/www.tc26-bijoux.com\/index.php?rest_route=%2Fwp%2Fv2%2Fproduct_brand&post=32844"},{"taxonomy":"product_cat","embeddable":true,"href":"https:\/\/www.tc26-bijoux.com\/index.php?rest_route=%2Fwp%2Fv2%2Fproduct_cat&post=32844"},{"taxonomy":"product_tag","embeddable":true,"href":"https:\/\/www.tc26-bijoux.com\/index.php?rest_route=%2Fwp%2Fv2%2Fproduct_tag&post=32844"}],"curies":[{"name":"wp","href":"https:\/\/api.w.org\/{rel}","templated":true}]}}