{"id":33172,"date":"2025-03-12T01:40:26","date_gmt":"2025-03-12T00:40:26","guid":{"rendered":"https:\/\/www.tc26-bijoux.com\/?post_type=product&#038;p=33172"},"modified":"2025-03-21T13:30:28","modified_gmt":"2025-03-21T12:30:28","slug":"demi-alliance-or-diamants-alanis","status":"publish","type":"product","link":"https:\/\/www.tc26-bijoux.com\/?product=demi-alliance-or-diamants-alanis","title":{"rendered":"Demi-Alliance Or Diamants Alanis"},"content":{"rendered":"<p>La demi-alliance \u00ab\u00a0Alanis\u00a0\u00bb est un bijou d\u00e9licat qui combine l&rsquo;\u00e9l\u00e9gance intemporelle avec une touche de modernit\u00e9. Fabriqu\u00e9e en or 18 carats, cette demi-alliance est disponible en deux options de couleur : blanc et jaune. Vous pouvez choisir celle qui correspond le mieux \u00e0 votre style et \u00e0 vos pr\u00e9f\u00e9rences.<\/p>\n","protected":false},"excerpt":{"rendered":"<p>La demi-alliance \u00ab\u00a0Alanis\u00a0\u00bb est un bijou d\u00e9licat qui combine l&rsquo;\u00e9l\u00e9gance intemporelle avec une touche de modernit\u00e9. Fabriqu\u00e9e en or 18 carats, cette demi-alliance est disponible en<span class=\"excerpt-hellip\"> [\u2026]<\/span><\/p>\n","protected":false},"featured_media":4735,"template":"","meta":{"_seopress_robots_primary_cat":"","_seopress_titles_title":"","_seopress_titles_desc":"","_seopress_robots_index":"","_seopress_analysis_target_kw":"","iawp_total_views":2},"product_brand":[],"product_cat":[78],"product_tag":[],"class_list":{"0":"post-33172","1":"product","2":"type-product","3":"status-publish","4":"has-post-thumbnail","6":"product_cat-bagues-diamants","8":"first","9":"instock","10":"shipping-taxable","11":"purchasable","12":"product-type-variable"},"_links":{"self":[{"href":"https:\/\/www.tc26-bijoux.com\/index.php?rest_route=\/wp\/v2\/product\/33172","targetHints":{"allow":["GET"]}}],"collection":[{"href":"https:\/\/www.tc26-bijoux.com\/index.php?rest_route=\/wp\/v2\/product"}],"about":[{"href":"https:\/\/www.tc26-bijoux.com\/index.php?rest_route=\/wp\/v2\/types\/product"}],"wp:featuredmedia":[{"embeddable":true,"href":"https:\/\/www.tc26-bijoux.com\/index.php?rest_route=\/wp\/v2\/media\/4735"}],"wp:attachment":[{"href":"https:\/\/www.tc26-bijoux.com\/index.php?rest_route=%2Fwp%2Fv2%2Fmedia&parent=33172"}],"wp:term":[{"taxonomy":"product_brand","embeddable":true,"href":"https:\/\/www.tc26-bijoux.com\/index.php?rest_route=%2Fwp%2Fv2%2Fproduct_brand&post=33172"},{"taxonomy":"product_cat","embeddable":true,"href":"https:\/\/www.tc26-bijoux.com\/index.php?rest_route=%2Fwp%2Fv2%2Fproduct_cat&post=33172"},{"taxonomy":"product_tag","embeddable":true,"href":"https:\/\/www.tc26-bijoux.com\/index.php?rest_route=%2Fwp%2Fv2%2Fproduct_tag&post=33172"}],"curies":[{"name":"wp","href":"https:\/\/api.w.org\/{rel}","templated":true}]}}