{"id":33246,"date":"2025-03-12T01:40:49","date_gmt":"2025-03-12T00:40:49","guid":{"rendered":"https:\/\/www.tc26-bijoux.com\/?post_type=product&#038;p=33246"},"modified":"2025-03-21T13:30:42","modified_gmt":"2025-03-21T12:30:42","slug":"solitaire-diamants-anita-2","status":"publish","type":"product","link":"https:\/\/www.tc26-bijoux.com\/?product=solitaire-diamants-anita-2","title":{"rendered":"Solitaire Diamants Anita"},"content":{"rendered":"<p>Le solitaire Anita en or 18 carats et diamants est une bague \u00e9l\u00e9gante en or blanc. La pierre centrale de cette bague varie en caratage, avec des options de 0,20, 0,30 ou 0,40 carats. Les diamants utilis\u00e9s ont une puret\u00e9 de GVS, garantissant leur qualit\u00e9 et leur \u00e9clat. La bande de la bague a une largeur de 2 mm, ajoutant une touche de finesse au design global. Ce solitaire Anita en or 18 carats et diamants est un choix classique et intemporel pour ceux qui recherchent une bague simple et sophistiqu\u00e9e.<\/p>\n","protected":false},"excerpt":{"rendered":"<p>Le solitaire Anita en or 18 carats et diamants est une bague \u00e9l\u00e9gante en or blanc. La pierre centrale de cette bague varie en caratage, avec<span class=\"excerpt-hellip\"> [\u2026]<\/span><\/p>\n","protected":false},"featured_media":5810,"template":"","meta":{"_seopress_robots_primary_cat":"","_seopress_titles_title":"","_seopress_titles_desc":"","_seopress_robots_index":"","_seopress_analysis_target_kw":"","iawp_total_views":0},"product_brand":[],"product_cat":[78],"product_tag":[],"class_list":{"0":"post-33246","1":"product","2":"type-product","3":"status-publish","4":"has-post-thumbnail","6":"product_cat-bagues-diamants","8":"first","9":"instock","10":"shipping-taxable","11":"purchasable","12":"product-type-variable"},"_links":{"self":[{"href":"https:\/\/www.tc26-bijoux.com\/index.php?rest_route=\/wp\/v2\/product\/33246","targetHints":{"allow":["GET"]}}],"collection":[{"href":"https:\/\/www.tc26-bijoux.com\/index.php?rest_route=\/wp\/v2\/product"}],"about":[{"href":"https:\/\/www.tc26-bijoux.com\/index.php?rest_route=\/wp\/v2\/types\/product"}],"wp:featuredmedia":[{"embeddable":true,"href":"https:\/\/www.tc26-bijoux.com\/index.php?rest_route=\/wp\/v2\/media\/5810"}],"wp:attachment":[{"href":"https:\/\/www.tc26-bijoux.com\/index.php?rest_route=%2Fwp%2Fv2%2Fmedia&parent=33246"}],"wp:term":[{"taxonomy":"product_brand","embeddable":true,"href":"https:\/\/www.tc26-bijoux.com\/index.php?rest_route=%2Fwp%2Fv2%2Fproduct_brand&post=33246"},{"taxonomy":"product_cat","embeddable":true,"href":"https:\/\/www.tc26-bijoux.com\/index.php?rest_route=%2Fwp%2Fv2%2Fproduct_cat&post=33246"},{"taxonomy":"product_tag","embeddable":true,"href":"https:\/\/www.tc26-bijoux.com\/index.php?rest_route=%2Fwp%2Fv2%2Fproduct_tag&post=33246"}],"curies":[{"name":"wp","href":"https:\/\/api.w.org\/{rel}","templated":true}]}}