{"id":33503,"date":"2025-03-12T01:41:51","date_gmt":"2025-03-12T00:41:51","guid":{"rendered":"https:\/\/www.tc26-bijoux.com\/?post_type=product&#038;p=33503"},"modified":"2025-03-21T13:31:02","modified_gmt":"2025-03-21T12:31:02","slug":"solitaire-or-18-k-et-diamants-noemie-2","status":"publish","type":"product","link":"https:\/\/www.tc26-bijoux.com\/?product=solitaire-or-18-k-et-diamants-noemie-2","title":{"rendered":"Solitaire Or 18 k et Diamants No\u00e9mie"},"content":{"rendered":"<p>Le solitaire No\u00e9mie en or 18 carats et diamants est une pi\u00e8ce d&rsquo;une grande finesse. Son poids total est de 0,20 carats, avec une pierre centrale de 0,10 carat. Cette bague est d&rsquo;une \u00e9l\u00e9gance extr\u00eame, parfaite pour ajouter une touche de raffinement \u00e0 votre style. Les diamants qui l&rsquo;accompagnent ajoutent une brillance subtile et font de cette bague un choix luxueux. Laissez la beaut\u00e9 et la sophistication de la bague No\u00e9mie rehausser votre tenue et captiver tous les regards.<\/p>\n","protected":false},"excerpt":{"rendered":"<p>Le solitaire No\u00e9mie en or 18 carats et diamants est une pi\u00e8ce d&rsquo;une grande finesse. Son poids total est de 0,20 carats, avec une pierre centrale<span class=\"excerpt-hellip\"> [\u2026]<\/span><\/p>\n","protected":false},"featured_media":13647,"template":"","meta":{"_seopress_robots_primary_cat":"","_seopress_titles_title":"","_seopress_titles_desc":"","_seopress_robots_index":"","_seopress_analysis_target_kw":"","iawp_total_views":1},"product_brand":[],"product_cat":[78],"product_tag":[],"class_list":{"0":"post-33503","1":"product","2":"type-product","3":"status-publish","4":"has-post-thumbnail","6":"product_cat-bagues-diamants","8":"first","9":"instock","10":"shipping-taxable","11":"purchasable","12":"product-type-variable"},"_links":{"self":[{"href":"https:\/\/www.tc26-bijoux.com\/index.php?rest_route=\/wp\/v2\/product\/33503","targetHints":{"allow":["GET"]}}],"collection":[{"href":"https:\/\/www.tc26-bijoux.com\/index.php?rest_route=\/wp\/v2\/product"}],"about":[{"href":"https:\/\/www.tc26-bijoux.com\/index.php?rest_route=\/wp\/v2\/types\/product"}],"wp:featuredmedia":[{"embeddable":true,"href":"https:\/\/www.tc26-bijoux.com\/index.php?rest_route=\/wp\/v2\/media\/13647"}],"wp:attachment":[{"href":"https:\/\/www.tc26-bijoux.com\/index.php?rest_route=%2Fwp%2Fv2%2Fmedia&parent=33503"}],"wp:term":[{"taxonomy":"product_brand","embeddable":true,"href":"https:\/\/www.tc26-bijoux.com\/index.php?rest_route=%2Fwp%2Fv2%2Fproduct_brand&post=33503"},{"taxonomy":"product_cat","embeddable":true,"href":"https:\/\/www.tc26-bijoux.com\/index.php?rest_route=%2Fwp%2Fv2%2Fproduct_cat&post=33503"},{"taxonomy":"product_tag","embeddable":true,"href":"https:\/\/www.tc26-bijoux.com\/index.php?rest_route=%2Fwp%2Fv2%2Fproduct_tag&post=33503"}],"curies":[{"name":"wp","href":"https:\/\/api.w.org\/{rel}","templated":true}]}}