{"id":33761,"date":"2025-03-12T01:42:51","date_gmt":"2025-03-12T00:42:51","guid":{"rendered":"https:\/\/www.tc26-bijoux.com\/?post_type=product&#038;p=33761"},"modified":"2025-03-21T13:31:34","modified_gmt":"2025-03-21T12:31:34","slug":"solitaire-or-diamants-anastasia-2","status":"publish","type":"product","link":"https:\/\/www.tc26-bijoux.com\/?product=solitaire-or-diamants-anastasia-2","title":{"rendered":"Solitaire Or Diamants Anastasia"},"content":{"rendered":"<p>Le solitaire Anastacia est fabriqu\u00e9 en or 18 carats, un choix de mat\u00e9riau pr\u00e9cieux et durable.Il est disponible en deux options de couleur or : blanc et jaune, vous permettant de choisir celle qui correspond le mieux \u00e0 votre style.Ce solitaire met en valeur des diamants, avec diff\u00e9rentes options de caratage pour la pierre centrale, allant de 0.15 \u00e0 0.30 carats.Le caratage total du solitaire varie \u00e9galement, allant de 0.30 \u00e0 0.50 carats, offrant diff\u00e9rentes options de brillance.La largeur de la bande varie de 2.2 \u00e0 2.7 mm, ajoutant une dimension subtile et \u00e9quilibr\u00e9e \u00e0 l&rsquo;ensemble. Les diamants pr\u00e9sentent une puret\u00e9 de GVS, garantissant une qualit\u00e9 et une clart\u00e9 exceptionnelles. Le solitaire Anastacia est un choix \u00e9l\u00e9gant et intemporel qui ajoutera une touche de brillance et de sophistication \u00e0 votre doigt.<\/p>\n","protected":false},"excerpt":{"rendered":"<p>Le solitaire Anastacia est fabriqu\u00e9 en or 18 carats, un choix de mat\u00e9riau pr\u00e9cieux et durable.Il est disponible en deux options de couleur or : blanc<span class=\"excerpt-hellip\"> [\u2026]<\/span><\/p>\n","protected":false},"featured_media":911,"template":"","meta":{"_seopress_robots_primary_cat":"","_seopress_titles_title":"","_seopress_titles_desc":"","_seopress_robots_index":"","_seopress_analysis_target_kw":"","iawp_total_views":0},"product_brand":[],"product_cat":[78],"product_tag":[],"class_list":{"0":"post-33761","1":"product","2":"type-product","3":"status-publish","4":"has-post-thumbnail","6":"product_cat-bagues-diamants","8":"first","9":"instock","10":"shipping-taxable","11":"purchasable","12":"product-type-variable"},"_links":{"self":[{"href":"https:\/\/www.tc26-bijoux.com\/index.php?rest_route=\/wp\/v2\/product\/33761","targetHints":{"allow":["GET"]}}],"collection":[{"href":"https:\/\/www.tc26-bijoux.com\/index.php?rest_route=\/wp\/v2\/product"}],"about":[{"href":"https:\/\/www.tc26-bijoux.com\/index.php?rest_route=\/wp\/v2\/types\/product"}],"wp:featuredmedia":[{"embeddable":true,"href":"https:\/\/www.tc26-bijoux.com\/index.php?rest_route=\/wp\/v2\/media\/911"}],"wp:attachment":[{"href":"https:\/\/www.tc26-bijoux.com\/index.php?rest_route=%2Fwp%2Fv2%2Fmedia&parent=33761"}],"wp:term":[{"taxonomy":"product_brand","embeddable":true,"href":"https:\/\/www.tc26-bijoux.com\/index.php?rest_route=%2Fwp%2Fv2%2Fproduct_brand&post=33761"},{"taxonomy":"product_cat","embeddable":true,"href":"https:\/\/www.tc26-bijoux.com\/index.php?rest_route=%2Fwp%2Fv2%2Fproduct_cat&post=33761"},{"taxonomy":"product_tag","embeddable":true,"href":"https:\/\/www.tc26-bijoux.com\/index.php?rest_route=%2Fwp%2Fv2%2Fproduct_tag&post=33761"}],"curies":[{"name":"wp","href":"https:\/\/api.w.org\/{rel}","templated":true}]}}