{"id":33907,"date":"2025-03-12T01:43:31","date_gmt":"2025-03-12T00:43:31","guid":{"rendered":"https:\/\/www.tc26-bijoux.com\/?post_type=product&#038;p=33907"},"modified":"2025-03-21T13:31:43","modified_gmt":"2025-03-21T12:31:43","slug":"solitaire-diamants-et-or-18-carats-danielle-2","status":"publish","type":"product","link":"https:\/\/www.tc26-bijoux.com\/?product=solitaire-diamants-et-or-18-carats-danielle-2","title":{"rendered":"Solitaire Diamants et Or 18 Carats Danielle"},"content":{"rendered":"<p>Le solitaire Danielle en or 18 carats est r\u00e9alis\u00e9 avec un or de couleur blanc. Il est serti d&rsquo;un diamant de couleur G, d&rsquo;une puret\u00e9 VS, avec un poids total de 0,50 carats. La dimension de la bague est de 8,7 mm, lui conf\u00e9rant une allure d\u00e9licate et raffin\u00e9e. Ce solitaire diamant est un choix \u00e9l\u00e9gant et intemporel, parfait pour symboliser l&rsquo;amour et l&rsquo;engagement. Il ajoute une touche de brillance et d&rsquo;\u00e9l\u00e9gance \u00e0 votre doigt, et peut \u00eatre port\u00e9 seul ou associ\u00e9 \u00e0 d&rsquo;autres bagues pour cr\u00e9er un ensemble de bijoux unique.<\/p>\n","protected":false},"excerpt":{"rendered":"<p>Le solitaire Danielle en or 18 carats est r\u00e9alis\u00e9 avec un or de couleur blanc. Il est serti d&rsquo;un diamant de couleur G, d&rsquo;une puret\u00e9 VS,<span class=\"excerpt-hellip\"> [\u2026]<\/span><\/p>\n","protected":false},"featured_media":5098,"template":"","meta":{"_seopress_robots_primary_cat":"","_seopress_titles_title":"","_seopress_titles_desc":"","_seopress_robots_index":"","_seopress_analysis_target_kw":"","iawp_total_views":15},"product_brand":[],"product_cat":[78],"product_tag":[],"class_list":{"0":"post-33907","1":"product","2":"type-product","3":"status-publish","4":"has-post-thumbnail","6":"product_cat-bagues-diamants","8":"first","9":"instock","10":"shipping-taxable","11":"purchasable","12":"product-type-variable"},"_links":{"self":[{"href":"https:\/\/www.tc26-bijoux.com\/index.php?rest_route=\/wp\/v2\/product\/33907","targetHints":{"allow":["GET"]}}],"collection":[{"href":"https:\/\/www.tc26-bijoux.com\/index.php?rest_route=\/wp\/v2\/product"}],"about":[{"href":"https:\/\/www.tc26-bijoux.com\/index.php?rest_route=\/wp\/v2\/types\/product"}],"wp:featuredmedia":[{"embeddable":true,"href":"https:\/\/www.tc26-bijoux.com\/index.php?rest_route=\/wp\/v2\/media\/5098"}],"wp:attachment":[{"href":"https:\/\/www.tc26-bijoux.com\/index.php?rest_route=%2Fwp%2Fv2%2Fmedia&parent=33907"}],"wp:term":[{"taxonomy":"product_brand","embeddable":true,"href":"https:\/\/www.tc26-bijoux.com\/index.php?rest_route=%2Fwp%2Fv2%2Fproduct_brand&post=33907"},{"taxonomy":"product_cat","embeddable":true,"href":"https:\/\/www.tc26-bijoux.com\/index.php?rest_route=%2Fwp%2Fv2%2Fproduct_cat&post=33907"},{"taxonomy":"product_tag","embeddable":true,"href":"https:\/\/www.tc26-bijoux.com\/index.php?rest_route=%2Fwp%2Fv2%2Fproduct_tag&post=33907"}],"curies":[{"name":"wp","href":"https:\/\/api.w.org\/{rel}","templated":true}]}}