{"id":34314,"date":"2025-03-12T01:45:03","date_gmt":"2025-03-12T00:45:03","guid":{"rendered":"https:\/\/www.tc26-bijoux.com\/?post_type=product&#038;p=34314"},"modified":"2025-03-21T13:32:23","modified_gmt":"2025-03-21T12:32:23","slug":"demie-alliance-diamants-et-or-18-carats-vaudeliaa-2","status":"publish","type":"product","link":"https:\/\/www.tc26-bijoux.com\/?product=demie-alliance-diamants-et-or-18-carats-vaudeliaa-2","title":{"rendered":"Demie alliance Diamants et Or 18 Carats Vaudeliaa"},"content":{"rendered":"<p>La demi-alliance Vaudeliaa en or 18 carats et diamants est un bijou raffin\u00e9 en or blanc. Elle est incrust\u00e9e de diamants d&rsquo;un poids total de 0,60 carats, avec une couleur G et une puret\u00e9 VS, ce qui assure leur \u00e9clat et leur qualit\u00e9. La bande de la demi-alliance a une largeur de 2,4 mm, ajoutant une pr\u00e9sence \u00e9l\u00e9gante \u00e0 votre doigt. La demi-alliance Vaudeliaa est un choix parfait pour c\u00e9l\u00e9brer un moment sp\u00e9cial ou pour ajouter une touche de brillance subtile \u00e0 votre collection de bijoux.<\/p>\n","protected":false},"excerpt":{"rendered":"<p>La demi-alliance Vaudeliaa en or 18 carats et diamants est un bijou raffin\u00e9 en or blanc. Elle est incrust\u00e9e de diamants d&rsquo;un poids total de 0,60<span class=\"excerpt-hellip\"> [\u2026]<\/span><\/p>\n","protected":false},"featured_media":12472,"template":"","meta":{"_seopress_robots_primary_cat":"","_seopress_titles_title":"","_seopress_titles_desc":"","_seopress_robots_index":"","_seopress_analysis_target_kw":"","iawp_total_views":1},"product_brand":[],"product_cat":[78],"product_tag":[],"class_list":{"0":"post-34314","1":"product","2":"type-product","3":"status-publish","4":"has-post-thumbnail","6":"product_cat-bagues-diamants","8":"first","9":"instock","10":"shipping-taxable","11":"purchasable","12":"product-type-variable"},"_links":{"self":[{"href":"https:\/\/www.tc26-bijoux.com\/index.php?rest_route=\/wp\/v2\/product\/34314","targetHints":{"allow":["GET"]}}],"collection":[{"href":"https:\/\/www.tc26-bijoux.com\/index.php?rest_route=\/wp\/v2\/product"}],"about":[{"href":"https:\/\/www.tc26-bijoux.com\/index.php?rest_route=\/wp\/v2\/types\/product"}],"wp:featuredmedia":[{"embeddable":true,"href":"https:\/\/www.tc26-bijoux.com\/index.php?rest_route=\/wp\/v2\/media\/12472"}],"wp:attachment":[{"href":"https:\/\/www.tc26-bijoux.com\/index.php?rest_route=%2Fwp%2Fv2%2Fmedia&parent=34314"}],"wp:term":[{"taxonomy":"product_brand","embeddable":true,"href":"https:\/\/www.tc26-bijoux.com\/index.php?rest_route=%2Fwp%2Fv2%2Fproduct_brand&post=34314"},{"taxonomy":"product_cat","embeddable":true,"href":"https:\/\/www.tc26-bijoux.com\/index.php?rest_route=%2Fwp%2Fv2%2Fproduct_cat&post=34314"},{"taxonomy":"product_tag","embeddable":true,"href":"https:\/\/www.tc26-bijoux.com\/index.php?rest_route=%2Fwp%2Fv2%2Fproduct_tag&post=34314"}],"curies":[{"name":"wp","href":"https:\/\/api.w.org\/{rel}","templated":true}]}}