{"id":34388,"date":"2025-03-12T01:45:19","date_gmt":"2025-03-12T00:45:19","guid":{"rendered":"https:\/\/www.tc26-bijoux.com\/?post_type=product&#038;p=34388"},"modified":"2025-03-21T13:32:33","modified_gmt":"2025-03-21T12:32:33","slug":"bague-diamants-ambelyne","status":"publish","type":"product","link":"https:\/\/www.tc26-bijoux.com\/?product=bague-diamants-ambelyne","title":{"rendered":"Bague Diamants Ambelyne"},"content":{"rendered":"<p>D\u00e9couvrez la bague \u00ab\u00a0Ambelyne\u00a0\u00bb, un bijou en or 18 carats disponible en trois couleurs d&rsquo;or : blanc, rose et or. Cette bague est orn\u00e9e de diamants \u00e9tincelants, ajoutant une touche de glamour \u00e0 votre look.Les diamants de couleur G et de puret\u00e9 VS conf\u00e8rent \u00e0 cette bague une brillance \u00e9clatante. Avec un poids total de 1.00 carat, ces diamants captivent par leur beaut\u00e9 et leur \u00e9clat.<\/p>\n","protected":false},"excerpt":{"rendered":"<p>D\u00e9couvrez la bague \u00ab\u00a0Ambelyne\u00a0\u00bb, un bijou en or 18 carats disponible en trois couleurs d&rsquo;or : blanc, rose et or. Cette bague est orn\u00e9e de diamants<span class=\"excerpt-hellip\"> [\u2026]<\/span><\/p>\n","protected":false},"featured_media":12224,"template":"","meta":{"_seopress_robots_primary_cat":"","_seopress_titles_title":"","_seopress_titles_desc":"","_seopress_robots_index":"","_seopress_analysis_target_kw":"","iawp_total_views":3},"product_brand":[],"product_cat":[78],"product_tag":[],"class_list":{"0":"post-34388","1":"product","2":"type-product","3":"status-publish","4":"has-post-thumbnail","6":"product_cat-bagues-diamants","8":"first","9":"instock","10":"shipping-taxable","11":"purchasable","12":"product-type-variable"},"_links":{"self":[{"href":"https:\/\/www.tc26-bijoux.com\/index.php?rest_route=\/wp\/v2\/product\/34388","targetHints":{"allow":["GET"]}}],"collection":[{"href":"https:\/\/www.tc26-bijoux.com\/index.php?rest_route=\/wp\/v2\/product"}],"about":[{"href":"https:\/\/www.tc26-bijoux.com\/index.php?rest_route=\/wp\/v2\/types\/product"}],"wp:featuredmedia":[{"embeddable":true,"href":"https:\/\/www.tc26-bijoux.com\/index.php?rest_route=\/wp\/v2\/media\/12224"}],"wp:attachment":[{"href":"https:\/\/www.tc26-bijoux.com\/index.php?rest_route=%2Fwp%2Fv2%2Fmedia&parent=34388"}],"wp:term":[{"taxonomy":"product_brand","embeddable":true,"href":"https:\/\/www.tc26-bijoux.com\/index.php?rest_route=%2Fwp%2Fv2%2Fproduct_brand&post=34388"},{"taxonomy":"product_cat","embeddable":true,"href":"https:\/\/www.tc26-bijoux.com\/index.php?rest_route=%2Fwp%2Fv2%2Fproduct_cat&post=34388"},{"taxonomy":"product_tag","embeddable":true,"href":"https:\/\/www.tc26-bijoux.com\/index.php?rest_route=%2Fwp%2Fv2%2Fproduct_tag&post=34388"}],"curies":[{"name":"wp","href":"https:\/\/api.w.org\/{rel}","templated":true}]}}