{"id":34425,"date":"2025-03-12T01:45:27","date_gmt":"2025-03-12T00:45:27","guid":{"rendered":"https:\/\/www.tc26-bijoux.com\/?post_type=product&#038;p=34425"},"modified":"2025-03-21T13:32:36","modified_gmt":"2025-03-21T12:32:36","slug":"bague-diamants-et-or-18-carats-cyrielle","status":"publish","type":"product","link":"https:\/\/www.tc26-bijoux.com\/?product=bague-diamants-et-or-18-carats-cyrielle","title":{"rendered":"Bague Diamants et Or 18 Carats Cyrielle"},"content":{"rendered":"<p>La bague en diamants et or 18 carats Cyrielle est un bijou exceptionnel. Elle est sertie de diamants d&rsquo;une couleur G, offrant une belle brillance. Le poids total des diamants est de 1.70 carats, ce qui en fait une bague remarquablement scintillante. Les diamants ont une puret\u00e9 VS, ce qui signifie qu&rsquo;ils sont de tr\u00e8s haute qualit\u00e9 avec des inclusions minimes visibles \u00e0 l&rsquo;\u0153il nu. Cette bague sera un v\u00e9ritable \u00e9clat sur votre doigt, ajoutant une touche d&rsquo;\u00e9l\u00e9gance et de sophistication \u00e0 votre tenue.<\/p>\n","protected":false},"excerpt":{"rendered":"<p>Mati\u00e8re : Or\u00a018 Carats<\/p>\n<p>Couleur m\u00e9tal : Blanc\u00a0<\/p>\n<p>Nature des\u00a0Pierres : Diamants\u00a0<\/p>\n<p>Couleur des\u00a0Diamants : G<\/p>\n<p>Puret\u00e9 des\u00a0Diamants : VS<\/p>\n<p>Poid Total des diamants\u00a0\u00a0: 1.70\u00a0Carats<\/p>\n<p>R\u00e9f\u00e9rence : XYR6639<\/p>\n","protected":false},"featured_media":12409,"template":"","meta":{"_seopress_robots_primary_cat":"","_seopress_titles_title":"","_seopress_titles_desc":"","_seopress_robots_index":"","_seopress_analysis_target_kw":"","iawp_total_views":8},"product_brand":[],"product_cat":[78],"product_tag":[],"class_list":{"0":"post-34425","1":"product","2":"type-product","3":"status-publish","4":"has-post-thumbnail","6":"product_cat-bagues-diamants","8":"first","9":"instock","10":"shipping-taxable","11":"purchasable","12":"product-type-variable"},"_links":{"self":[{"href":"https:\/\/www.tc26-bijoux.com\/index.php?rest_route=\/wp\/v2\/product\/34425","targetHints":{"allow":["GET"]}}],"collection":[{"href":"https:\/\/www.tc26-bijoux.com\/index.php?rest_route=\/wp\/v2\/product"}],"about":[{"href":"https:\/\/www.tc26-bijoux.com\/index.php?rest_route=\/wp\/v2\/types\/product"}],"wp:featuredmedia":[{"embeddable":true,"href":"https:\/\/www.tc26-bijoux.com\/index.php?rest_route=\/wp\/v2\/media\/12409"}],"wp:attachment":[{"href":"https:\/\/www.tc26-bijoux.com\/index.php?rest_route=%2Fwp%2Fv2%2Fmedia&parent=34425"}],"wp:term":[{"taxonomy":"product_brand","embeddable":true,"href":"https:\/\/www.tc26-bijoux.com\/index.php?rest_route=%2Fwp%2Fv2%2Fproduct_brand&post=34425"},{"taxonomy":"product_cat","embeddable":true,"href":"https:\/\/www.tc26-bijoux.com\/index.php?rest_route=%2Fwp%2Fv2%2Fproduct_cat&post=34425"},{"taxonomy":"product_tag","embeddable":true,"href":"https:\/\/www.tc26-bijoux.com\/index.php?rest_route=%2Fwp%2Fv2%2Fproduct_tag&post=34425"}],"curies":[{"name":"wp","href":"https:\/\/api.w.org\/{rel}","templated":true}]}}