{"id":34462,"date":"2025-03-12T01:45:34","date_gmt":"2025-03-12T00:45:34","guid":{"rendered":"https:\/\/www.tc26-bijoux.com\/?post_type=product&#038;p=34462"},"modified":"2025-03-21T13:32:39","modified_gmt":"2025-03-21T12:32:39","slug":"bague-diamants-citrine-andry","status":"publish","type":"product","link":"https:\/\/www.tc26-bijoux.com\/?product=bague-diamants-citrine-andry","title":{"rendered":"Bague Diamants Citrine Andry"},"content":{"rendered":"<p>La bague Andry en or 18 carats est disponible en couleur or rose ou jaune. Elle est orn\u00e9e de diamants de couleur G et de puret\u00e9 VS, ainsi que d&rsquo;une pierre principale en citrine. Les dimensions varient entre 10&#215;11,6 mm et 12,5&#215;15 mm, avec une largeur de bande de 2,1 mm ou 2,0 mm. Les r\u00e9f\u00e9rences sont SL7622 et SL7656. Ces bagues allient l&rsquo;\u00e9clat des diamants et la beaut\u00e9 chaleureuse de la citrine pour un bijou unique et \u00e9l\u00e9gant.<\/p>\n","protected":false},"excerpt":{"rendered":"<p>La bague Andry en or 18 carats est disponible en couleur or rose ou jaune. Elle est orn\u00e9e de diamants de couleur G et de puret\u00e9<span class=\"excerpt-hellip\"> [\u2026]<\/span><\/p>\n","protected":false},"featured_media":7894,"template":"","meta":{"_seopress_robots_primary_cat":"","_seopress_titles_title":"","_seopress_titles_desc":"","_seopress_robots_index":"","_seopress_analysis_target_kw":"","iawp_total_views":2},"product_brand":[],"product_cat":[78],"product_tag":[],"class_list":{"0":"post-34462","1":"product","2":"type-product","3":"status-publish","4":"has-post-thumbnail","6":"product_cat-bagues-diamants","8":"first","9":"instock","10":"shipping-taxable","11":"purchasable","12":"product-type-variable"},"_links":{"self":[{"href":"https:\/\/www.tc26-bijoux.com\/index.php?rest_route=\/wp\/v2\/product\/34462","targetHints":{"allow":["GET"]}}],"collection":[{"href":"https:\/\/www.tc26-bijoux.com\/index.php?rest_route=\/wp\/v2\/product"}],"about":[{"href":"https:\/\/www.tc26-bijoux.com\/index.php?rest_route=\/wp\/v2\/types\/product"}],"wp:featuredmedia":[{"embeddable":true,"href":"https:\/\/www.tc26-bijoux.com\/index.php?rest_route=\/wp\/v2\/media\/7894"}],"wp:attachment":[{"href":"https:\/\/www.tc26-bijoux.com\/index.php?rest_route=%2Fwp%2Fv2%2Fmedia&parent=34462"}],"wp:term":[{"taxonomy":"product_brand","embeddable":true,"href":"https:\/\/www.tc26-bijoux.com\/index.php?rest_route=%2Fwp%2Fv2%2Fproduct_brand&post=34462"},{"taxonomy":"product_cat","embeddable":true,"href":"https:\/\/www.tc26-bijoux.com\/index.php?rest_route=%2Fwp%2Fv2%2Fproduct_cat&post=34462"},{"taxonomy":"product_tag","embeddable":true,"href":"https:\/\/www.tc26-bijoux.com\/index.php?rest_route=%2Fwp%2Fv2%2Fproduct_tag&post=34462"}],"curies":[{"name":"wp","href":"https:\/\/api.w.org\/{rel}","templated":true}]}}