{"id":34499,"date":"2025-03-12T01:45:44","date_gmt":"2025-03-12T00:45:44","guid":{"rendered":"https:\/\/www.tc26-bijoux.com\/?post_type=product&#038;p=34499"},"modified":"2025-04-29T16:56:18","modified_gmt":"2025-04-29T14:56:18","slug":"alliance-diamants-et-or-18-carats-maillye-3","status":"publish","type":"product","link":"https:\/\/www.tc26-bijoux.com\/?product=alliance-diamants-et-or-18-carats-maillye-3","title":{"rendered":"Alliance Diamants Maillye"},"content":{"rendered":"<p>L&rsquo;alliance Maillye en or 18 carats est disponible en blanc, rose ou jaune, vous permettant de choisir la couleur qui correspond le mieux \u00e0 votre style personnel. Cette alliance est orn\u00e9e de diamants d&rsquo;une couleur G et d&rsquo;une puret\u00e9 VS, qui ajoutent une brillance \u00e9clatante \u00e0 la pi\u00e8ce. Vous avez le choix entre diff\u00e9rents nombres de diamants, allant de 50 \u00e0 23, selon votre pr\u00e9f\u00e9rence. Le poids total des diamants varie \u00e9galement, allant de 0,30 \u00e0 1,50 carats, vous permettant de choisir l&rsquo;intensit\u00e9 du scintillement souhait\u00e9. La largeur de la bande varie de 1,5 \u00e0 2,7 mm, offrant des options pour un style subtil ou plus prononc\u00e9. Quelle que soit la combinaison que vous choisissez, cette alliance sera un symbole \u00e9l\u00e9gant de votre amour et de votre engagement.<\/p>\n","protected":false},"excerpt":{"rendered":"<p>L&rsquo;alliance Maillye en or 18 carats est disponible en blanc, rose ou jaune, vous permettant de choisir la couleur qui correspond le mieux \u00e0 votre style<span class=\"excerpt-hellip\"> [\u2026]<\/span><\/p>\n","protected":false},"featured_media":3869,"template":"","meta":{"_seopress_robots_primary_cat":"","_seopress_titles_title":"","_seopress_titles_desc":"","_seopress_robots_index":"","_seopress_analysis_target_kw":"","iawp_total_views":15},"product_brand":[],"product_cat":[78,15],"product_tag":[],"class_list":{"0":"post-34499","1":"product","2":"type-product","3":"status-publish","4":"has-post-thumbnail","6":"product_cat-bagues-diamants","7":"product_cat-home-tc26-bijoux","9":"first","10":"instock","11":"shipping-taxable","12":"purchasable","13":"product-type-variable"},"_links":{"self":[{"href":"https:\/\/www.tc26-bijoux.com\/index.php?rest_route=\/wp\/v2\/product\/34499","targetHints":{"allow":["GET"]}}],"collection":[{"href":"https:\/\/www.tc26-bijoux.com\/index.php?rest_route=\/wp\/v2\/product"}],"about":[{"href":"https:\/\/www.tc26-bijoux.com\/index.php?rest_route=\/wp\/v2\/types\/product"}],"wp:featuredmedia":[{"embeddable":true,"href":"https:\/\/www.tc26-bijoux.com\/index.php?rest_route=\/wp\/v2\/media\/3869"}],"wp:attachment":[{"href":"https:\/\/www.tc26-bijoux.com\/index.php?rest_route=%2Fwp%2Fv2%2Fmedia&parent=34499"}],"wp:term":[{"taxonomy":"product_brand","embeddable":true,"href":"https:\/\/www.tc26-bijoux.com\/index.php?rest_route=%2Fwp%2Fv2%2Fproduct_brand&post=34499"},{"taxonomy":"product_cat","embeddable":true,"href":"https:\/\/www.tc26-bijoux.com\/index.php?rest_route=%2Fwp%2Fv2%2Fproduct_cat&post=34499"},{"taxonomy":"product_tag","embeddable":true,"href":"https:\/\/www.tc26-bijoux.com\/index.php?rest_route=%2Fwp%2Fv2%2Fproduct_tag&post=34499"}],"curies":[{"name":"wp","href":"https:\/\/api.w.org\/{rel}","templated":true}]}}