{"id":34753,"date":"2025-03-12T01:47:26","date_gmt":"2025-03-12T00:47:26","guid":{"rendered":"https:\/\/www.tc26-bijoux.com\/?post_type=product&#038;p=34753"},"modified":"2025-03-21T13:33:21","modified_gmt":"2025-03-21T12:33:21","slug":"solitaire-or-18-carats-et-diamants-adelice","status":"publish","type":"product","link":"https:\/\/www.tc26-bijoux.com\/?product=solitaire-or-18-carats-et-diamants-adelice","title":{"rendered":"Solitaire Or 18 Carats et Diamants Adelice"},"content":{"rendered":"<p>Le solitaire \u00ab\u00a0Adelice\u00a0\u00bb en or 18 carats et diamants est un choix raffin\u00e9 et luxueux. Disponible en plusieurs options, la pierre centrale du solitaire peut \u00eatre de 0,50 carat, 0,60 carat ou 0,91 carat. Le caratage total varie \u00e9galement, avec des options de 0,75 carat, 0,90 carat ou 1,25 carat. Les diamants pr\u00e9sentent une puret\u00e9 GVS, garantissant leur brillance et leur clart\u00e9. Avec une largeur de bande de 1,9 mm, 2,0 mm ou 2,0 mm selon l&rsquo;option choisie, ce solitaire \u00ab\u00a0Adelice\u00a0\u00bb est un symbole d&rsquo;\u00e9l\u00e9gance intemporelle et de beaut\u00e9 \u00e9blouissante.<\/p>\n","protected":false},"excerpt":{"rendered":"<p>Le solitaire \u00ab\u00a0Adelice\u00a0\u00bb en or 18 carats et diamants est un choix raffin\u00e9 et luxueux. Disponible en plusieurs options, la pierre centrale du solitaire peut \u00eatre<span class=\"excerpt-hellip\"> [\u2026]<\/span><\/p>\n","protected":false},"featured_media":5898,"template":"","meta":{"_seopress_robots_primary_cat":"","_seopress_titles_title":"","_seopress_titles_desc":"","_seopress_robots_index":"","_seopress_analysis_target_kw":"","iawp_total_views":0},"product_brand":[],"product_cat":[78],"product_tag":[],"class_list":{"0":"post-34753","1":"product","2":"type-product","3":"status-publish","4":"has-post-thumbnail","6":"product_cat-bagues-diamants","8":"first","9":"instock","10":"shipping-taxable","11":"purchasable","12":"product-type-variable"},"_links":{"self":[{"href":"https:\/\/www.tc26-bijoux.com\/index.php?rest_route=\/wp\/v2\/product\/34753","targetHints":{"allow":["GET"]}}],"collection":[{"href":"https:\/\/www.tc26-bijoux.com\/index.php?rest_route=\/wp\/v2\/product"}],"about":[{"href":"https:\/\/www.tc26-bijoux.com\/index.php?rest_route=\/wp\/v2\/types\/product"}],"wp:featuredmedia":[{"embeddable":true,"href":"https:\/\/www.tc26-bijoux.com\/index.php?rest_route=\/wp\/v2\/media\/5898"}],"wp:attachment":[{"href":"https:\/\/www.tc26-bijoux.com\/index.php?rest_route=%2Fwp%2Fv2%2Fmedia&parent=34753"}],"wp:term":[{"taxonomy":"product_brand","embeddable":true,"href":"https:\/\/www.tc26-bijoux.com\/index.php?rest_route=%2Fwp%2Fv2%2Fproduct_brand&post=34753"},{"taxonomy":"product_cat","embeddable":true,"href":"https:\/\/www.tc26-bijoux.com\/index.php?rest_route=%2Fwp%2Fv2%2Fproduct_cat&post=34753"},{"taxonomy":"product_tag","embeddable":true,"href":"https:\/\/www.tc26-bijoux.com\/index.php?rest_route=%2Fwp%2Fv2%2Fproduct_tag&post=34753"}],"curies":[{"name":"wp","href":"https:\/\/api.w.org\/{rel}","templated":true}]}}