{"id":35045,"date":"2025-03-12T01:48:35","date_gmt":"2025-03-12T00:48:35","guid":{"rendered":"https:\/\/www.tc26-bijoux.com\/?post_type=product&#038;p=35045"},"modified":"2025-03-21T13:33:46","modified_gmt":"2025-03-21T12:33:46","slug":"solitaire-diamants-elodea-2","status":"publish","type":"product","link":"https:\/\/www.tc26-bijoux.com\/?product=solitaire-diamants-elodea-2","title":{"rendered":"Solitaire Diamants Elodea"},"content":{"rendered":"<p>Le solitaire Elodea est fabriqu\u00e9 en or 18 carats et met en valeur des diamants de couleur G et de puret\u00e9 VS. Avec un poids total de 0,60 carats, les diamants scintillent magnifiquement sur la bague, ajoutant une touche de glamour et d&rsquo;\u00e9l\u00e9gance \u00e0 votre doigt. Que ce soit pour une demande en mariage ou pour c\u00e9l\u00e9brer une occasion sp\u00e9ciale, le solitaire Elodea est un choix intemporel qui symbolise l&rsquo;amour et l&rsquo;engagement. Sa conception \u00e9pur\u00e9e met l&rsquo;accent sur la beaut\u00e9 des diamants, cr\u00e9ant un bijou \u00e9tincelant qui ne manquera pas de faire briller vos moments pr\u00e9cieux.<\/p>\n","protected":false},"excerpt":{"rendered":"<p>Le solitaire Elodea est fabriqu\u00e9 en or 18 carats et met en valeur des diamants de couleur G et de puret\u00e9 VS. Avec un poids total<span class=\"excerpt-hellip\"> [\u2026]<\/span><\/p>\n","protected":false},"featured_media":5221,"template":"","meta":{"_seopress_robots_primary_cat":"","_seopress_titles_title":"","_seopress_titles_desc":"","_seopress_robots_index":"","_seopress_analysis_target_kw":"","iawp_total_views":7},"product_brand":[],"product_cat":[78],"product_tag":[],"class_list":{"0":"post-35045","1":"product","2":"type-product","3":"status-publish","4":"has-post-thumbnail","6":"product_cat-bagues-diamants","8":"first","9":"instock","10":"shipping-taxable","11":"purchasable","12":"product-type-variable"},"_links":{"self":[{"href":"https:\/\/www.tc26-bijoux.com\/index.php?rest_route=\/wp\/v2\/product\/35045","targetHints":{"allow":["GET"]}}],"collection":[{"href":"https:\/\/www.tc26-bijoux.com\/index.php?rest_route=\/wp\/v2\/product"}],"about":[{"href":"https:\/\/www.tc26-bijoux.com\/index.php?rest_route=\/wp\/v2\/types\/product"}],"wp:featuredmedia":[{"embeddable":true,"href":"https:\/\/www.tc26-bijoux.com\/index.php?rest_route=\/wp\/v2\/media\/5221"}],"wp:attachment":[{"href":"https:\/\/www.tc26-bijoux.com\/index.php?rest_route=%2Fwp%2Fv2%2Fmedia&parent=35045"}],"wp:term":[{"taxonomy":"product_brand","embeddable":true,"href":"https:\/\/www.tc26-bijoux.com\/index.php?rest_route=%2Fwp%2Fv2%2Fproduct_brand&post=35045"},{"taxonomy":"product_cat","embeddable":true,"href":"https:\/\/www.tc26-bijoux.com\/index.php?rest_route=%2Fwp%2Fv2%2Fproduct_cat&post=35045"},{"taxonomy":"product_tag","embeddable":true,"href":"https:\/\/www.tc26-bijoux.com\/index.php?rest_route=%2Fwp%2Fv2%2Fproduct_tag&post=35045"}],"curies":[{"name":"wp","href":"https:\/\/api.w.org\/{rel}","templated":true}]}}