{"id":35595,"date":"2025-03-12T01:50:57","date_gmt":"2025-03-12T00:50:57","guid":{"rendered":"https:\/\/www.tc26-bijoux.com\/?post_type=product&#038;p=35595"},"modified":"2025-03-21T13:35:00","modified_gmt":"2025-03-21T12:35:00","slug":"aelis-or-blancdiamant-aigue-marine-2","status":"publish","type":"product","link":"https:\/\/www.tc26-bijoux.com\/?product=aelis-or-blancdiamant-aigue-marine-2","title":{"rendered":"A\u00e9lis or blanc,diamant aigu\u00eb marine"},"content":{"rendered":"<p>La bague \u00ab\u00a0A\u00e9lis\u00a0\u00bb est un bijou d&rsquo;une beaut\u00e9 exceptionnelle qui \u00e9voque l&rsquo;\u00e9l\u00e9gance et le raffinement. Fabriqu\u00e9e en or 18 carats, cette bague pr\u00e9sente une couleur or blanche qui lui conf\u00e8re une allure sophistiqu\u00e9e.<\/p>\n","protected":false},"excerpt":{"rendered":"<p>La bague \u00ab\u00a0A\u00e9lis\u00a0\u00bb est un bijou d&rsquo;une beaut\u00e9 exceptionnelle qui \u00e9voque l&rsquo;\u00e9l\u00e9gance et le raffinement. Fabriqu\u00e9e en or 18 carats, cette bague pr\u00e9sente une couleur or<span class=\"excerpt-hellip\"> [\u2026]<\/span><\/p>\n","protected":false},"featured_media":7432,"template":"","meta":{"_seopress_robots_primary_cat":"","_seopress_titles_title":"","_seopress_titles_desc":"","_seopress_robots_index":"","_seopress_analysis_target_kw":"","iawp_total_views":11},"product_brand":[],"product_cat":[78],"product_tag":[],"class_list":{"0":"post-35595","1":"product","2":"type-product","3":"status-publish","4":"has-post-thumbnail","6":"product_cat-bagues-diamants","8":"first","9":"instock","10":"shipping-taxable","11":"purchasable","12":"product-type-variable"},"_links":{"self":[{"href":"https:\/\/www.tc26-bijoux.com\/index.php?rest_route=\/wp\/v2\/product\/35595","targetHints":{"allow":["GET"]}}],"collection":[{"href":"https:\/\/www.tc26-bijoux.com\/index.php?rest_route=\/wp\/v2\/product"}],"about":[{"href":"https:\/\/www.tc26-bijoux.com\/index.php?rest_route=\/wp\/v2\/types\/product"}],"wp:featuredmedia":[{"embeddable":true,"href":"https:\/\/www.tc26-bijoux.com\/index.php?rest_route=\/wp\/v2\/media\/7432"}],"wp:attachment":[{"href":"https:\/\/www.tc26-bijoux.com\/index.php?rest_route=%2Fwp%2Fv2%2Fmedia&parent=35595"}],"wp:term":[{"taxonomy":"product_brand","embeddable":true,"href":"https:\/\/www.tc26-bijoux.com\/index.php?rest_route=%2Fwp%2Fv2%2Fproduct_brand&post=35595"},{"taxonomy":"product_cat","embeddable":true,"href":"https:\/\/www.tc26-bijoux.com\/index.php?rest_route=%2Fwp%2Fv2%2Fproduct_cat&post=35595"},{"taxonomy":"product_tag","embeddable":true,"href":"https:\/\/www.tc26-bijoux.com\/index.php?rest_route=%2Fwp%2Fv2%2Fproduct_tag&post=35595"}],"curies":[{"name":"wp","href":"https:\/\/api.w.org\/{rel}","templated":true}]}}