{"id":35996,"date":"2025-03-12T01:52:56","date_gmt":"2025-03-12T00:52:56","guid":{"rendered":"https:\/\/www.tc26-bijoux.com\/?post_type=product&#038;p=35996"},"modified":"2025-03-21T13:35:33","modified_gmt":"2025-03-21T12:35:33","slug":"bague-diamants-et-or-18-carats-stella-2","status":"publish","type":"product","link":"https:\/\/www.tc26-bijoux.com\/?product=bague-diamants-et-or-18-carats-stella-2","title":{"rendered":"Bague Diamants et Or 18 Carats Stella"},"content":{"rendered":"<p>La bague Stella en or 18 carats est disponible dans trois options de couleur : blanc, jaune et rose. Cette bague est orn\u00e9e de diamants de couleur G et de puret\u00e9 VS, avec un poids total de 0,25 carat. La bande de la bague a une largeur de 1,7 mm. Cette bague incarne l&rsquo;\u00e9l\u00e9gance, le luxe et la tendance, offrant un style intemporel qui saura ravir les amateurs de bijoux \u00e0 Paris et au-del\u00e0.<\/p>\n","protected":false},"excerpt":{"rendered":"<p>La bague Stella en or 18 carats est disponible dans trois options de couleur : blanc, jaune et rose. Cette bague est orn\u00e9e de diamants de<span class=\"excerpt-hellip\"> [\u2026]<\/span><\/p>\n","protected":false},"featured_media":4673,"template":"","meta":{"_seopress_robots_primary_cat":"","_seopress_titles_title":"","_seopress_titles_desc":"","_seopress_robots_index":"","_seopress_analysis_target_kw":"","iawp_total_views":3},"product_brand":[],"product_cat":[78],"product_tag":[],"class_list":{"0":"post-35996","1":"product","2":"type-product","3":"status-publish","4":"has-post-thumbnail","6":"product_cat-bagues-diamants","8":"first","9":"instock","10":"shipping-taxable","11":"purchasable","12":"product-type-variable"},"_links":{"self":[{"href":"https:\/\/www.tc26-bijoux.com\/index.php?rest_route=\/wp\/v2\/product\/35996","targetHints":{"allow":["GET"]}}],"collection":[{"href":"https:\/\/www.tc26-bijoux.com\/index.php?rest_route=\/wp\/v2\/product"}],"about":[{"href":"https:\/\/www.tc26-bijoux.com\/index.php?rest_route=\/wp\/v2\/types\/product"}],"wp:featuredmedia":[{"embeddable":true,"href":"https:\/\/www.tc26-bijoux.com\/index.php?rest_route=\/wp\/v2\/media\/4673"}],"wp:attachment":[{"href":"https:\/\/www.tc26-bijoux.com\/index.php?rest_route=%2Fwp%2Fv2%2Fmedia&parent=35996"}],"wp:term":[{"taxonomy":"product_brand","embeddable":true,"href":"https:\/\/www.tc26-bijoux.com\/index.php?rest_route=%2Fwp%2Fv2%2Fproduct_brand&post=35996"},{"taxonomy":"product_cat","embeddable":true,"href":"https:\/\/www.tc26-bijoux.com\/index.php?rest_route=%2Fwp%2Fv2%2Fproduct_cat&post=35996"},{"taxonomy":"product_tag","embeddable":true,"href":"https:\/\/www.tc26-bijoux.com\/index.php?rest_route=%2Fwp%2Fv2%2Fproduct_tag&post=35996"}],"curies":[{"name":"wp","href":"https:\/\/api.w.org\/{rel}","templated":true}]}}