{"id":36586,"date":"2025-03-12T01:55:20","date_gmt":"2025-03-12T00:55:20","guid":{"rendered":"https:\/\/www.tc26-bijoux.com\/?post_type=product&#038;p=36586"},"modified":"2025-03-21T13:36:34","modified_gmt":"2025-03-21T12:36:34","slug":"solitaire-diamants-anays-2","status":"publish","type":"product","link":"https:\/\/www.tc26-bijoux.com\/?product=solitaire-diamants-anays-2","title":{"rendered":"Solitaire Diamants Anays"},"content":{"rendered":"<p>La bague de fian\u00e7ailles Anays est confectionn\u00e9e en or 18 carats avec un or de couleur blanc. Elle est orn\u00e9e de diamants de couleur G, d&rsquo;une puret\u00e9 VS. Le poids total des diamants est de 0,65 carats. Les dimensions de la bague sont de 9,8 mm, ce qui en fait un bijou d\u00e9licat et \u00e9l\u00e9gant. Cette bague est id\u00e9ale pour ajouter une touche de brillance et de sophistication \u00e0 votre style.<\/p>\n","protected":false},"excerpt":{"rendered":"<p>La bague de fian\u00e7ailles Anays est confectionn\u00e9e en or 18 carats avec un or de couleur blanc. Elle est orn\u00e9e de diamants de couleur G, d&rsquo;une<span class=\"excerpt-hellip\"> [\u2026]<\/span><\/p>\n","protected":false},"featured_media":6106,"template":"","meta":{"_seopress_robots_primary_cat":"","_seopress_titles_title":"","_seopress_titles_desc":"","_seopress_robots_index":"","_seopress_analysis_target_kw":"","iawp_total_views":7},"product_brand":[],"product_cat":[78],"product_tag":[],"class_list":{"0":"post-36586","1":"product","2":"type-product","3":"status-publish","4":"has-post-thumbnail","6":"product_cat-bagues-diamants","8":"first","9":"instock","10":"shipping-taxable","11":"purchasable","12":"product-type-variable"},"_links":{"self":[{"href":"https:\/\/www.tc26-bijoux.com\/index.php?rest_route=\/wp\/v2\/product\/36586","targetHints":{"allow":["GET"]}}],"collection":[{"href":"https:\/\/www.tc26-bijoux.com\/index.php?rest_route=\/wp\/v2\/product"}],"about":[{"href":"https:\/\/www.tc26-bijoux.com\/index.php?rest_route=\/wp\/v2\/types\/product"}],"wp:featuredmedia":[{"embeddable":true,"href":"https:\/\/www.tc26-bijoux.com\/index.php?rest_route=\/wp\/v2\/media\/6106"}],"wp:attachment":[{"href":"https:\/\/www.tc26-bijoux.com\/index.php?rest_route=%2Fwp%2Fv2%2Fmedia&parent=36586"}],"wp:term":[{"taxonomy":"product_brand","embeddable":true,"href":"https:\/\/www.tc26-bijoux.com\/index.php?rest_route=%2Fwp%2Fv2%2Fproduct_brand&post=36586"},{"taxonomy":"product_cat","embeddable":true,"href":"https:\/\/www.tc26-bijoux.com\/index.php?rest_route=%2Fwp%2Fv2%2Fproduct_cat&post=36586"},{"taxonomy":"product_tag","embeddable":true,"href":"https:\/\/www.tc26-bijoux.com\/index.php?rest_route=%2Fwp%2Fv2%2Fproduct_tag&post=36586"}],"curies":[{"name":"wp","href":"https:\/\/api.w.org\/{rel}","templated":true}]}}