{"id":36660,"date":"2025-03-12T01:55:40","date_gmt":"2025-03-12T00:55:40","guid":{"rendered":"https:\/\/www.tc26-bijoux.com\/?post_type=product&#038;p=36660"},"modified":"2025-03-21T13:36:45","modified_gmt":"2025-03-21T12:36:45","slug":"demie-alliance-diamants-et-or-18-carats-july-3","status":"publish","type":"product","link":"https:\/\/www.tc26-bijoux.com\/?product=demie-alliance-diamants-et-or-18-carats-july-3","title":{"rendered":"Demie-Alliance Diamants et Or 18 Carats July"},"content":{"rendered":"<p>La demie-alliance July est un superbe bijou en or 18 carats, serti de diamants. Les diamants ont une couleur G. La puret\u00e9 des diamants est de classe VS, le caratage total des diamants sur la bague varie entre 0,15 et 0,20 carats, en fonction de votre choix. Le nombre de diamants est de 14 ou 13, selon le mod\u00e8le choisi. La largeur de la bande peut varier entre 1,9 et 2,4 mm, selon vos pr\u00e9f\u00e9rences. Cette demie-alliance est un choix \u00e9l\u00e9gant et intemporel, parfait pour symboliser l&rsquo;amour et c\u00e9l\u00e9brer des moments pr\u00e9cieux.<\/p>\n","protected":false},"excerpt":{"rendered":"<p>La demie-alliance July est un superbe bijou en or 18 carats, serti de diamants. Les diamants ont une couleur G. La puret\u00e9 des diamants est de<span class=\"excerpt-hellip\"> [\u2026]<\/span><\/p>\n","protected":false},"featured_media":1234,"template":"","meta":{"_seopress_robots_primary_cat":"","_seopress_titles_title":"","_seopress_titles_desc":"","_seopress_robots_index":"","_seopress_analysis_target_kw":"","iawp_total_views":0},"product_brand":[],"product_cat":[78],"product_tag":[],"class_list":{"0":"post-36660","1":"product","2":"type-product","3":"status-publish","4":"has-post-thumbnail","6":"product_cat-bagues-diamants","8":"first","9":"instock","10":"shipping-taxable","11":"purchasable","12":"product-type-variable"},"_links":{"self":[{"href":"https:\/\/www.tc26-bijoux.com\/index.php?rest_route=\/wp\/v2\/product\/36660","targetHints":{"allow":["GET"]}}],"collection":[{"href":"https:\/\/www.tc26-bijoux.com\/index.php?rest_route=\/wp\/v2\/product"}],"about":[{"href":"https:\/\/www.tc26-bijoux.com\/index.php?rest_route=\/wp\/v2\/types\/product"}],"wp:featuredmedia":[{"embeddable":true,"href":"https:\/\/www.tc26-bijoux.com\/index.php?rest_route=\/wp\/v2\/media\/1234"}],"wp:attachment":[{"href":"https:\/\/www.tc26-bijoux.com\/index.php?rest_route=%2Fwp%2Fv2%2Fmedia&parent=36660"}],"wp:term":[{"taxonomy":"product_brand","embeddable":true,"href":"https:\/\/www.tc26-bijoux.com\/index.php?rest_route=%2Fwp%2Fv2%2Fproduct_brand&post=36660"},{"taxonomy":"product_cat","embeddable":true,"href":"https:\/\/www.tc26-bijoux.com\/index.php?rest_route=%2Fwp%2Fv2%2Fproduct_cat&post=36660"},{"taxonomy":"product_tag","embeddable":true,"href":"https:\/\/www.tc26-bijoux.com\/index.php?rest_route=%2Fwp%2Fv2%2Fproduct_tag&post=36660"}],"curies":[{"name":"wp","href":"https:\/\/api.w.org\/{rel}","templated":true}]}}