{"id":36844,"date":"2025-03-12T01:56:29","date_gmt":"2025-03-12T00:56:29","guid":{"rendered":"https:\/\/www.tc26-bijoux.com\/?post_type=product&#038;p=36844"},"modified":"2025-03-21T13:36:59","modified_gmt":"2025-03-21T12:36:59","slug":"solitaire-diamants-angeline-2","status":"publish","type":"product","link":"https:\/\/www.tc26-bijoux.com\/?product=solitaire-diamants-angeline-2","title":{"rendered":"Solitaire Diamants Angeline"},"content":{"rendered":"<p>Le solitaire diamants et or 18 carats Anelie est une bague \u00e9l\u00e9gante en or blanc. La pierre principale de cette bague est un diamant d&rsquo;un caratage de 0,25 carats. La bande de la bague a une largeur de 2 mm. Les diamants utilis\u00e9s dans cette bague ont une puret\u00e9 de GVS, ce qui garantit leur qualit\u00e9 et leur \u00e9clat. Cette bague solitaire est un choix classique et intemporel pour c\u00e9l\u00e9brer des moments sp\u00e9ciaux.<\/p>\n","protected":false},"excerpt":{"rendered":"<p>Le solitaire diamants et or 18 carats Anelie est une bague \u00e9l\u00e9gante en or blanc. La pierre principale de cette bague est un diamant d&rsquo;un caratage<span class=\"excerpt-hellip\"> [\u2026]<\/span><\/p>\n","protected":false},"featured_media":846,"template":"","meta":{"_seopress_robots_primary_cat":"","_seopress_titles_title":"","_seopress_titles_desc":"","_seopress_robots_index":"","_seopress_analysis_target_kw":"","iawp_total_views":0},"product_brand":[],"product_cat":[78],"product_tag":[],"class_list":{"0":"post-36844","1":"product","2":"type-product","3":"status-publish","4":"has-post-thumbnail","6":"product_cat-bagues-diamants","8":"first","9":"instock","10":"shipping-taxable","11":"purchasable","12":"product-type-variable"},"_links":{"self":[{"href":"https:\/\/www.tc26-bijoux.com\/index.php?rest_route=\/wp\/v2\/product\/36844","targetHints":{"allow":["GET"]}}],"collection":[{"href":"https:\/\/www.tc26-bijoux.com\/index.php?rest_route=\/wp\/v2\/product"}],"about":[{"href":"https:\/\/www.tc26-bijoux.com\/index.php?rest_route=\/wp\/v2\/types\/product"}],"wp:featuredmedia":[{"embeddable":true,"href":"https:\/\/www.tc26-bijoux.com\/index.php?rest_route=\/wp\/v2\/media\/846"}],"wp:attachment":[{"href":"https:\/\/www.tc26-bijoux.com\/index.php?rest_route=%2Fwp%2Fv2%2Fmedia&parent=36844"}],"wp:term":[{"taxonomy":"product_brand","embeddable":true,"href":"https:\/\/www.tc26-bijoux.com\/index.php?rest_route=%2Fwp%2Fv2%2Fproduct_brand&post=36844"},{"taxonomy":"product_cat","embeddable":true,"href":"https:\/\/www.tc26-bijoux.com\/index.php?rest_route=%2Fwp%2Fv2%2Fproduct_cat&post=36844"},{"taxonomy":"product_tag","embeddable":true,"href":"https:\/\/www.tc26-bijoux.com\/index.php?rest_route=%2Fwp%2Fv2%2Fproduct_tag&post=36844"}],"curies":[{"name":"wp","href":"https:\/\/api.w.org\/{rel}","templated":true}]}}