{"id":37354,"date":"2025-03-12T01:59:19","date_gmt":"2025-03-12T00:59:19","guid":{"rendered":"https:\/\/www.tc26-bijoux.com\/?post_type=product&#038;p=37354"},"modified":"2025-03-21T13:38:00","modified_gmt":"2025-03-21T12:38:00","slug":"solitaire-diamants-et-or-18-carats-maewenn-3","status":"publish","type":"product","link":"https:\/\/www.tc26-bijoux.com\/?product=solitaire-diamants-et-or-18-carats-maewenn-3","title":{"rendered":"Solitaire Diamants et Or 18 Carats Maewenn"},"content":{"rendered":"<p>Le solitaire Maewenn en or 18 carats est une pi\u00e8ce d\u00e9licate et raffin\u00e9e. Sa pierre centrale, un diamant d&rsquo;une taille de 0,12 \u00e0 0,20 carats, brille avec \u00e9clat et ajoute une touche de glamour \u00e0 cette bague. Le caratage total varie de 0,25 \u00e0 0,35 carats, selon les options disponibles. La bande du solitaire est \u00e9l\u00e9gamment fine, avec une largeur de 1,4 mm, mettant en valeur la beaut\u00e9 intemporelle du diamant. Que ce soit pour une demande en mariage ou pour c\u00e9l\u00e9brer une occasion sp\u00e9ciale, le solitaire Maewenn est le choix parfait pour symboliser l&rsquo;amour et l&rsquo;\u00e9l\u00e9gance.<\/p>\n","protected":false},"excerpt":{"rendered":"<p>Le solitaire Maewenn en or 18 carats est une pi\u00e8ce d\u00e9licate et raffin\u00e9e. Sa pierre centrale, un diamant d&rsquo;une taille de 0,12 \u00e0 0,20 carats, brille<span class=\"excerpt-hellip\"> [\u2026]<\/span><\/p>\n","protected":false},"featured_media":963,"template":"","meta":{"_seopress_robots_primary_cat":"","_seopress_titles_title":"","_seopress_titles_desc":"","_seopress_robots_index":"","_seopress_analysis_target_kw":"","iawp_total_views":0},"product_brand":[],"product_cat":[78],"product_tag":[],"class_list":{"0":"post-37354","1":"product","2":"type-product","3":"status-publish","4":"has-post-thumbnail","6":"product_cat-bagues-diamants","8":"first","9":"instock","10":"shipping-taxable","11":"purchasable","12":"product-type-variable"},"_links":{"self":[{"href":"https:\/\/www.tc26-bijoux.com\/index.php?rest_route=\/wp\/v2\/product\/37354","targetHints":{"allow":["GET"]}}],"collection":[{"href":"https:\/\/www.tc26-bijoux.com\/index.php?rest_route=\/wp\/v2\/product"}],"about":[{"href":"https:\/\/www.tc26-bijoux.com\/index.php?rest_route=\/wp\/v2\/types\/product"}],"wp:featuredmedia":[{"embeddable":true,"href":"https:\/\/www.tc26-bijoux.com\/index.php?rest_route=\/wp\/v2\/media\/963"}],"wp:attachment":[{"href":"https:\/\/www.tc26-bijoux.com\/index.php?rest_route=%2Fwp%2Fv2%2Fmedia&parent=37354"}],"wp:term":[{"taxonomy":"product_brand","embeddable":true,"href":"https:\/\/www.tc26-bijoux.com\/index.php?rest_route=%2Fwp%2Fv2%2Fproduct_brand&post=37354"},{"taxonomy":"product_cat","embeddable":true,"href":"https:\/\/www.tc26-bijoux.com\/index.php?rest_route=%2Fwp%2Fv2%2Fproduct_cat&post=37354"},{"taxonomy":"product_tag","embeddable":true,"href":"https:\/\/www.tc26-bijoux.com\/index.php?rest_route=%2Fwp%2Fv2%2Fproduct_tag&post=37354"}],"curies":[{"name":"wp","href":"https:\/\/api.w.org\/{rel}","templated":true}]}}