{"id":37464,"date":"2025-03-12T01:59:53","date_gmt":"2025-03-12T00:59:53","guid":{"rendered":"https:\/\/www.tc26-bijoux.com\/?post_type=product&#038;p=37464"},"modified":"2025-03-21T13:38:08","modified_gmt":"2025-03-21T12:38:08","slug":"bague-or-18-carats-et-diamants-rosaline","status":"publish","type":"product","link":"https:\/\/www.tc26-bijoux.com\/?product=bague-or-18-carats-et-diamants-rosaline","title":{"rendered":"Bague Or 18 Carats et Diamants Rosaline"},"content":{"rendered":"<p>La bague Rosaline en or 18 carats et diamants est disponible dans les couleurs blanc, rose et jaune. Les pierres utilis\u00e9es dans cette bague sont des diamants, qui ajoutent une touche de brillance et d&rsquo;\u00e9l\u00e9gance \u00e0 son design. L&rsquo;or 18 carats assure la qualit\u00e9 et la durabilit\u00e9 de cette bague. Que vous pr\u00e9f\u00e9riez le blanc, le rose ou le jaune, cette bague sera un choix magnifique pour compl\u00e9ter votre style et ajouter une touche de luxe \u00e0 vos tenues.<\/p>\n","protected":false},"excerpt":{"rendered":"<p>Mati\u00e8re : Or 18 Carats<\/p>\n<p>Couleur m\u00e9tal : Blanc \/ Rose \/ Jaune<\/p>\n<p>Nature des\u00a0Pierres : Diamants\u00a0<\/p>\n<p>Couleur des\u00a0Diamants : G<\/p>\n<p>Puret\u00e9 des\u00a0Diamants : VS<\/p>\n<p>Poid Total des Diamants\u00a0\u00a0: 0.60\u00a0Carats<\/p>\n<p>Largeur de l&rsquo;anneau : 5.5 mm<\/p>\n<p>R\u00e9f\u00e9rence : XYR12252<\/p>\n","protected":false},"featured_media":1453,"template":"","meta":{"_seopress_robots_primary_cat":"","_seopress_titles_title":"","_seopress_titles_desc":"","_seopress_robots_index":"","_seopress_analysis_target_kw":"","iawp_total_views":6},"product_brand":[],"product_cat":[78],"product_tag":[],"class_list":{"0":"post-37464","1":"product","2":"type-product","3":"status-publish","4":"has-post-thumbnail","6":"product_cat-bagues-diamants","8":"first","9":"instock","10":"shipping-taxable","11":"purchasable","12":"product-type-variable"},"_links":{"self":[{"href":"https:\/\/www.tc26-bijoux.com\/index.php?rest_route=\/wp\/v2\/product\/37464","targetHints":{"allow":["GET"]}}],"collection":[{"href":"https:\/\/www.tc26-bijoux.com\/index.php?rest_route=\/wp\/v2\/product"}],"about":[{"href":"https:\/\/www.tc26-bijoux.com\/index.php?rest_route=\/wp\/v2\/types\/product"}],"wp:featuredmedia":[{"embeddable":true,"href":"https:\/\/www.tc26-bijoux.com\/index.php?rest_route=\/wp\/v2\/media\/1453"}],"wp:attachment":[{"href":"https:\/\/www.tc26-bijoux.com\/index.php?rest_route=%2Fwp%2Fv2%2Fmedia&parent=37464"}],"wp:term":[{"taxonomy":"product_brand","embeddable":true,"href":"https:\/\/www.tc26-bijoux.com\/index.php?rest_route=%2Fwp%2Fv2%2Fproduct_brand&post=37464"},{"taxonomy":"product_cat","embeddable":true,"href":"https:\/\/www.tc26-bijoux.com\/index.php?rest_route=%2Fwp%2Fv2%2Fproduct_cat&post=37464"},{"taxonomy":"product_tag","embeddable":true,"href":"https:\/\/www.tc26-bijoux.com\/index.php?rest_route=%2Fwp%2Fv2%2Fproduct_tag&post=37464"}],"curies":[{"name":"wp","href":"https:\/\/api.w.org\/{rel}","templated":true}]}}