{"id":37720,"date":"2025-03-12T02:01:11","date_gmt":"2025-03-12T01:01:11","guid":{"rendered":"https:\/\/www.tc26-bijoux.com\/?post_type=product&#038;p=37720"},"modified":"2025-03-21T13:38:51","modified_gmt":"2025-03-21T12:38:51","slug":"solitaire-diamants-et-or-18-carats-sophia-3","status":"publish","type":"product","link":"https:\/\/www.tc26-bijoux.com\/?product=solitaire-diamants-et-or-18-carats-sophia-3","title":{"rendered":"Solitaire Diamants et Or 18 Carats Sophia"},"content":{"rendered":"<p>La bague de fiancailles Sophia en or 18 carats est un choix classique et \u00e9l\u00e9gant pour c\u00e9l\u00e9brer votre amour. Il est orn\u00e9 d&rsquo;un magnifique diamant de 0.20, 0.25, 0.33 ou 0.40 carats, selon votre pr\u00e9f\u00e9rence, qui brille intens\u00e9ment sur votre doigt. La bague est disponible en trois couleurs d&rsquo;or : blanc, jaune et rose, vous permettant de choisir celle qui correspond le mieux \u00e0 votre style. Avec une largeur de bande de 1.8 mm, cette bague solitaire mettra en valeur la beaut\u00e9 intemporelle de votre diamant et ajoutera une touche de sophistication \u00e0 votre tenue. Que ce soit pour une demande en mariage ou simplement pour vous faire plaisir, le solitaire Sophia est un choix raffin\u00e9 qui fera briller votre main avec \u00e9clat.<\/p>\n","protected":false},"excerpt":{"rendered":"<p>La bague de fiancailles Sophia en or 18 carats est un choix classique et \u00e9l\u00e9gant pour c\u00e9l\u00e9brer votre amour. Il est orn\u00e9 d&rsquo;un magnifique diamant de<span class=\"excerpt-hellip\"> [\u2026]<\/span><\/p>\n","protected":false},"featured_media":722,"template":"","meta":{"_seopress_robots_primary_cat":"","_seopress_titles_title":"","_seopress_titles_desc":"","_seopress_robots_index":"","_seopress_analysis_target_kw":"","iawp_total_views":3},"product_brand":[],"product_cat":[78],"product_tag":[],"class_list":{"0":"post-37720","1":"product","2":"type-product","3":"status-publish","4":"has-post-thumbnail","6":"product_cat-bagues-diamants","8":"first","9":"instock","10":"shipping-taxable","11":"purchasable","12":"product-type-variable"},"_links":{"self":[{"href":"https:\/\/www.tc26-bijoux.com\/index.php?rest_route=\/wp\/v2\/product\/37720","targetHints":{"allow":["GET"]}}],"collection":[{"href":"https:\/\/www.tc26-bijoux.com\/index.php?rest_route=\/wp\/v2\/product"}],"about":[{"href":"https:\/\/www.tc26-bijoux.com\/index.php?rest_route=\/wp\/v2\/types\/product"}],"wp:featuredmedia":[{"embeddable":true,"href":"https:\/\/www.tc26-bijoux.com\/index.php?rest_route=\/wp\/v2\/media\/722"}],"wp:attachment":[{"href":"https:\/\/www.tc26-bijoux.com\/index.php?rest_route=%2Fwp%2Fv2%2Fmedia&parent=37720"}],"wp:term":[{"taxonomy":"product_brand","embeddable":true,"href":"https:\/\/www.tc26-bijoux.com\/index.php?rest_route=%2Fwp%2Fv2%2Fproduct_brand&post=37720"},{"taxonomy":"product_cat","embeddable":true,"href":"https:\/\/www.tc26-bijoux.com\/index.php?rest_route=%2Fwp%2Fv2%2Fproduct_cat&post=37720"},{"taxonomy":"product_tag","embeddable":true,"href":"https:\/\/www.tc26-bijoux.com\/index.php?rest_route=%2Fwp%2Fv2%2Fproduct_tag&post=37720"}],"curies":[{"name":"wp","href":"https:\/\/api.w.org\/{rel}","templated":true}]}}