{"id":37902,"date":"2025-03-12T02:02:18","date_gmt":"2025-03-12T01:02:18","guid":{"rendered":"https:\/\/www.tc26-bijoux.com\/?post_type=product&#038;p=37902"},"modified":"2025-03-21T13:39:17","modified_gmt":"2025-03-21T12:39:17","slug":"demie-alliance-or-diamants-isatis-3","status":"publish","type":"product","link":"https:\/\/www.tc26-bijoux.com\/?product=demie-alliance-or-diamants-isatis-3","title":{"rendered":"Demie Alliance Or Diamants Isatis"},"content":{"rendered":"<p>La demi-alliance Isatis en or 18 carats est un superbe bijou serti de diamants scintillants. Disponible en couleur or blanc ou jaune, cette bague est un choix polyvalent qui s&rsquo;adapte \u00e0 diff\u00e9rents styles et pr\u00e9f\u00e9rences. Les diamants ajoutent une touche d&rsquo;\u00e9clat et de sophistication, faisant de cette demi-alliance un choix \u00e9l\u00e9gant pour c\u00e9l\u00e9brer des moments sp\u00e9ciaux. Avec son m\u00e9lange de beaut\u00e9 intemporelle et de brillance \u00e9blouissante, la demi-alliance Isatis est un v\u00e9ritable symbole d&rsquo;amour et de raffinement.<\/p>\n","protected":false},"excerpt":{"rendered":"<p>La demi-alliance Isatis en or 18 carats est un superbe bijou serti de diamants scintillants. Disponible en couleur or blanc ou jaune, cette bague est un<span class=\"excerpt-hellip\"> [\u2026]<\/span><\/p>\n","protected":false},"featured_media":1108,"template":"","meta":{"_seopress_robots_primary_cat":"","_seopress_titles_title":"","_seopress_titles_desc":"","_seopress_robots_index":"","_seopress_analysis_target_kw":"","iawp_total_views":2},"product_brand":[],"product_cat":[78],"product_tag":[],"class_list":{"0":"post-37902","1":"product","2":"type-product","3":"status-publish","4":"has-post-thumbnail","6":"product_cat-bagues-diamants","8":"first","9":"instock","10":"shipping-taxable","11":"purchasable","12":"product-type-variable"},"_links":{"self":[{"href":"https:\/\/www.tc26-bijoux.com\/index.php?rest_route=\/wp\/v2\/product\/37902","targetHints":{"allow":["GET"]}}],"collection":[{"href":"https:\/\/www.tc26-bijoux.com\/index.php?rest_route=\/wp\/v2\/product"}],"about":[{"href":"https:\/\/www.tc26-bijoux.com\/index.php?rest_route=\/wp\/v2\/types\/product"}],"wp:featuredmedia":[{"embeddable":true,"href":"https:\/\/www.tc26-bijoux.com\/index.php?rest_route=\/wp\/v2\/media\/1108"}],"wp:attachment":[{"href":"https:\/\/www.tc26-bijoux.com\/index.php?rest_route=%2Fwp%2Fv2%2Fmedia&parent=37902"}],"wp:term":[{"taxonomy":"product_brand","embeddable":true,"href":"https:\/\/www.tc26-bijoux.com\/index.php?rest_route=%2Fwp%2Fv2%2Fproduct_brand&post=37902"},{"taxonomy":"product_cat","embeddable":true,"href":"https:\/\/www.tc26-bijoux.com\/index.php?rest_route=%2Fwp%2Fv2%2Fproduct_cat&post=37902"},{"taxonomy":"product_tag","embeddable":true,"href":"https:\/\/www.tc26-bijoux.com\/index.php?rest_route=%2Fwp%2Fv2%2Fproduct_tag&post=37902"}],"curies":[{"name":"wp","href":"https:\/\/api.w.org\/{rel}","templated":true}]}}