{"id":38122,"date":"2025-03-12T02:03:24","date_gmt":"2025-03-12T01:03:24","guid":{"rendered":"https:\/\/www.tc26-bijoux.com\/?post_type=product&#038;p=38122"},"modified":"2025-03-21T13:39:38","modified_gmt":"2025-03-21T12:39:38","slug":"solitaire-or-18-carats-et-diamants-karelle-3","status":"publish","type":"product","link":"https:\/\/www.tc26-bijoux.com\/?product=solitaire-or-18-carats-et-diamants-karelle-3","title":{"rendered":"Solitaire Or 18 Carats et Diamants Karelle"},"content":{"rendered":"<p>Le solitaire Karelle est une superbe bague en or 18 carats orn\u00e9e d&rsquo;un diamant central. Cette bague est disponible en deux options de couleur or : blanc et jaune. La pierre centrale est un diamant qui ajoute une brillance et une \u00e9l\u00e9gance intemporelles \u00e0 la bague. Le solitaire Karelle est un choix raffin\u00e9 et classique, id\u00e9al pour symboliser l&rsquo;amour et l&rsquo;engagement.<\/p>\n","protected":false},"excerpt":{"rendered":"<p>Le solitaire Karelle est une superbe bague en or 18 carats orn\u00e9e d&rsquo;un diamant central. Cette bague est disponible en deux options de couleur or :<span class=\"excerpt-hellip\"> [\u2026]<\/span><\/p>\n","protected":false},"featured_media":939,"template":"","meta":{"_seopress_robots_primary_cat":"","_seopress_titles_title":"","_seopress_titles_desc":"","_seopress_robots_index":"","_seopress_analysis_target_kw":"","iawp_total_views":9},"product_brand":[],"product_cat":[78],"product_tag":[],"class_list":{"0":"post-38122","1":"product","2":"type-product","3":"status-publish","4":"has-post-thumbnail","6":"product_cat-bagues-diamants","8":"first","9":"instock","10":"shipping-taxable","11":"purchasable","12":"product-type-variable"},"_links":{"self":[{"href":"https:\/\/www.tc26-bijoux.com\/index.php?rest_route=\/wp\/v2\/product\/38122","targetHints":{"allow":["GET"]}}],"collection":[{"href":"https:\/\/www.tc26-bijoux.com\/index.php?rest_route=\/wp\/v2\/product"}],"about":[{"href":"https:\/\/www.tc26-bijoux.com\/index.php?rest_route=\/wp\/v2\/types\/product"}],"wp:featuredmedia":[{"embeddable":true,"href":"https:\/\/www.tc26-bijoux.com\/index.php?rest_route=\/wp\/v2\/media\/939"}],"wp:attachment":[{"href":"https:\/\/www.tc26-bijoux.com\/index.php?rest_route=%2Fwp%2Fv2%2Fmedia&parent=38122"}],"wp:term":[{"taxonomy":"product_brand","embeddable":true,"href":"https:\/\/www.tc26-bijoux.com\/index.php?rest_route=%2Fwp%2Fv2%2Fproduct_brand&post=38122"},{"taxonomy":"product_cat","embeddable":true,"href":"https:\/\/www.tc26-bijoux.com\/index.php?rest_route=%2Fwp%2Fv2%2Fproduct_cat&post=38122"},{"taxonomy":"product_tag","embeddable":true,"href":"https:\/\/www.tc26-bijoux.com\/index.php?rest_route=%2Fwp%2Fv2%2Fproduct_tag&post=38122"}],"curies":[{"name":"wp","href":"https:\/\/api.w.org\/{rel}","templated":true}]}}