{"id":38305,"date":"2025-03-12T02:04:20","date_gmt":"2025-03-12T01:04:20","guid":{"rendered":"https:\/\/www.tc26-bijoux.com\/?post_type=product&#038;p=38305"},"modified":"2025-03-21T13:40:00","modified_gmt":"2025-03-21T12:40:00","slug":"solitaire-diamants-angelia-2","status":"publish","type":"product","link":"https:\/\/www.tc26-bijoux.com\/?product=solitaire-diamants-angelia-2","title":{"rendered":"Solitaire Diamants Angelia"},"content":{"rendered":"<p>Le solitaire diamants et or 18 carats Angelie est une bague classique et \u00e9l\u00e9gante en or blanc. La pierre centrale de cette bague varie en caratage, avec des options de 0,25, 0,40 ou 0,50 carats. Le caratage total de tous les diamants de la bague est de 0,42, 0,57 ou 0,67 carats. La largeur de la bande est de 1,8 ou 2 mm, selon la taille choisie. Les diamants utilis\u00e9s dans cette bague ont une puret\u00e9 de GVS, ce qui garantit leur qualit\u00e9 et leur \u00e9clat. Cette bague solitaire est un choix intemporel qui c\u00e9l\u00e8bre la beaut\u00e9 des diamants dans un design simple et sophistiqu\u00e9.<\/p>\n","protected":false},"excerpt":{"rendered":"<p>Le solitaire diamants et or 18 carats Angelie est une bague classique et \u00e9l\u00e9gante en or blanc. La pierre centrale de cette bague varie en caratage,<span class=\"excerpt-hellip\"> [\u2026]<\/span><\/p>\n","protected":false},"featured_media":907,"template":"","meta":{"_seopress_robots_primary_cat":"","_seopress_titles_title":"","_seopress_titles_desc":"","_seopress_robots_index":"","_seopress_analysis_target_kw":"","iawp_total_views":0},"product_brand":[],"product_cat":[78],"product_tag":[],"class_list":{"0":"post-38305","1":"product","2":"type-product","3":"status-publish","4":"has-post-thumbnail","6":"product_cat-bagues-diamants","8":"first","9":"instock","10":"shipping-taxable","11":"purchasable","12":"product-type-variable"},"_links":{"self":[{"href":"https:\/\/www.tc26-bijoux.com\/index.php?rest_route=\/wp\/v2\/product\/38305","targetHints":{"allow":["GET"]}}],"collection":[{"href":"https:\/\/www.tc26-bijoux.com\/index.php?rest_route=\/wp\/v2\/product"}],"about":[{"href":"https:\/\/www.tc26-bijoux.com\/index.php?rest_route=\/wp\/v2\/types\/product"}],"wp:featuredmedia":[{"embeddable":true,"href":"https:\/\/www.tc26-bijoux.com\/index.php?rest_route=\/wp\/v2\/media\/907"}],"wp:attachment":[{"href":"https:\/\/www.tc26-bijoux.com\/index.php?rest_route=%2Fwp%2Fv2%2Fmedia&parent=38305"}],"wp:term":[{"taxonomy":"product_brand","embeddable":true,"href":"https:\/\/www.tc26-bijoux.com\/index.php?rest_route=%2Fwp%2Fv2%2Fproduct_brand&post=38305"},{"taxonomy":"product_cat","embeddable":true,"href":"https:\/\/www.tc26-bijoux.com\/index.php?rest_route=%2Fwp%2Fv2%2Fproduct_cat&post=38305"},{"taxonomy":"product_tag","embeddable":true,"href":"https:\/\/www.tc26-bijoux.com\/index.php?rest_route=%2Fwp%2Fv2%2Fproduct_tag&post=38305"}],"curies":[{"name":"wp","href":"https:\/\/api.w.org\/{rel}","templated":true}]}}