{"id":38635,"date":"2025-03-12T02:05:55","date_gmt":"2025-03-12T01:05:55","guid":{"rendered":"https:\/\/www.tc26-bijoux.com\/?post_type=product&#038;p=38635"},"modified":"2025-03-21T13:40:32","modified_gmt":"2025-03-21T12:40:32","slug":"bague-or-diamants-alexie","status":"publish","type":"product","link":"https:\/\/www.tc26-bijoux.com\/?product=bague-or-diamants-alexie","title":{"rendered":"Bague or Diamants Alexie"},"content":{"rendered":"<p>D\u00e9couvrez \u00ab\u00a0Alexie\u00a0\u00bb, une bague en or 18 carats d&rsquo;une \u00e9l\u00e9gance remarquable. Le choix entre les couleurs or blanc et rose ajoute une touche de polyvalence \u00e0 cette pi\u00e8ce unique. Les diamants scintillants, de couleur G et de puret\u00e9 VS, embellissent magnifiquement la bague avec un poids total de 0,55 carats. L&rsquo;harmonie des mat\u00e9riaux et des diamants cr\u00e9e un \u00e9clat \u00e9tincelant qui fera briller votre main avec sophistication.<\/p>\n","protected":false},"excerpt":{"rendered":"<p>Mati\u00e8re : Or 18 Carats<\/p>\n<p>Couleur m\u00e9tal : Blanc \/ Rose\u00a0<\/p>\n<p>Nature de\u00a0la \u00a0Pierres : Diamants\u00a0<\/p>\n<p>Couleur des\u00a0Diamants : G<\/p>\n<p>Puret\u00e9 des\u00a0Diamants : VS<\/p>\n<p>Poid Total des diamants\u00a0\u00a0\u00a0: 0.55 Carats<\/p>\n<p>R\u00e9f\u00e9rence : XYR12510<\/p>\n","protected":false},"featured_media":1268,"template":"","meta":{"_seopress_robots_primary_cat":"","_seopress_titles_title":"","_seopress_titles_desc":"","_seopress_robots_index":"","_seopress_analysis_target_kw":"","iawp_total_views":2},"product_brand":[],"product_cat":[78],"product_tag":[],"class_list":{"0":"post-38635","1":"product","2":"type-product","3":"status-publish","4":"has-post-thumbnail","6":"product_cat-bagues-diamants","8":"first","9":"instock","10":"shipping-taxable","11":"purchasable","12":"product-type-variable"},"_links":{"self":[{"href":"https:\/\/www.tc26-bijoux.com\/index.php?rest_route=\/wp\/v2\/product\/38635","targetHints":{"allow":["GET"]}}],"collection":[{"href":"https:\/\/www.tc26-bijoux.com\/index.php?rest_route=\/wp\/v2\/product"}],"about":[{"href":"https:\/\/www.tc26-bijoux.com\/index.php?rest_route=\/wp\/v2\/types\/product"}],"wp:featuredmedia":[{"embeddable":true,"href":"https:\/\/www.tc26-bijoux.com\/index.php?rest_route=\/wp\/v2\/media\/1268"}],"wp:attachment":[{"href":"https:\/\/www.tc26-bijoux.com\/index.php?rest_route=%2Fwp%2Fv2%2Fmedia&parent=38635"}],"wp:term":[{"taxonomy":"product_brand","embeddable":true,"href":"https:\/\/www.tc26-bijoux.com\/index.php?rest_route=%2Fwp%2Fv2%2Fproduct_brand&post=38635"},{"taxonomy":"product_cat","embeddable":true,"href":"https:\/\/www.tc26-bijoux.com\/index.php?rest_route=%2Fwp%2Fv2%2Fproduct_cat&post=38635"},{"taxonomy":"product_tag","embeddable":true,"href":"https:\/\/www.tc26-bijoux.com\/index.php?rest_route=%2Fwp%2Fv2%2Fproduct_tag&post=38635"}],"curies":[{"name":"wp","href":"https:\/\/api.w.org\/{rel}","templated":true}]}}