{"id":38672,"date":"2025-03-12T02:06:04","date_gmt":"2025-03-12T01:06:04","guid":{"rendered":"https:\/\/www.tc26-bijoux.com\/?post_type=product&#038;p=38672"},"modified":"2025-03-21T13:40:51","modified_gmt":"2025-03-21T12:40:51","slug":"alliance-or-diamants-allison-3","status":"publish","type":"product","link":"https:\/\/www.tc26-bijoux.com\/?product=alliance-or-diamants-allison-3","title":{"rendered":"Alliance Or Diamants Allison"},"content":{"rendered":"<p>L&rsquo;alliance \u00ab\u00a0Allison\u00a0\u00bb incarne l&rsquo;\u00e9l\u00e9gance et la sophistication avec son design remarquable. Fabriqu\u00e9e en or 18 carats, elle est disponible dans une s\u00e9lection de couleurs or, notamment blanc, rose et jaune, offrant ainsi des options personnalis\u00e9es pour r\u00e9pondre \u00e0 vos pr\u00e9f\u00e9rences.<\/p>\n","protected":false},"excerpt":{"rendered":"<p>L&rsquo;alliance \u00ab\u00a0Allison\u00a0\u00bb incarne l&rsquo;\u00e9l\u00e9gance et la sophistication avec son design remarquable. Fabriqu\u00e9e en or 18 carats, elle est disponible dans une s\u00e9lection de couleurs or, notamment<span class=\"excerpt-hellip\"> [\u2026]<\/span><\/p>\n","protected":false},"featured_media":509,"template":"","meta":{"_seopress_robots_primary_cat":"","_seopress_titles_title":"","_seopress_titles_desc":"","_seopress_robots_index":"","_seopress_analysis_target_kw":"","iawp_total_views":2},"product_brand":[],"product_cat":[78],"product_tag":[],"class_list":{"0":"post-38672","1":"product","2":"type-product","3":"status-publish","4":"has-post-thumbnail","6":"product_cat-bagues-diamants","8":"first","9":"instock","10":"shipping-taxable","11":"purchasable","12":"product-type-variable"},"_links":{"self":[{"href":"https:\/\/www.tc26-bijoux.com\/index.php?rest_route=\/wp\/v2\/product\/38672","targetHints":{"allow":["GET"]}}],"collection":[{"href":"https:\/\/www.tc26-bijoux.com\/index.php?rest_route=\/wp\/v2\/product"}],"about":[{"href":"https:\/\/www.tc26-bijoux.com\/index.php?rest_route=\/wp\/v2\/types\/product"}],"wp:featuredmedia":[{"embeddable":true,"href":"https:\/\/www.tc26-bijoux.com\/index.php?rest_route=\/wp\/v2\/media\/509"}],"wp:attachment":[{"href":"https:\/\/www.tc26-bijoux.com\/index.php?rest_route=%2Fwp%2Fv2%2Fmedia&parent=38672"}],"wp:term":[{"taxonomy":"product_brand","embeddable":true,"href":"https:\/\/www.tc26-bijoux.com\/index.php?rest_route=%2Fwp%2Fv2%2Fproduct_brand&post=38672"},{"taxonomy":"product_cat","embeddable":true,"href":"https:\/\/www.tc26-bijoux.com\/index.php?rest_route=%2Fwp%2Fv2%2Fproduct_cat&post=38672"},{"taxonomy":"product_tag","embeddable":true,"href":"https:\/\/www.tc26-bijoux.com\/index.php?rest_route=%2Fwp%2Fv2%2Fproduct_tag&post=38672"}],"curies":[{"name":"wp","href":"https:\/\/api.w.org\/{rel}","templated":true}]}}