{"id":39038,"date":"2025-03-12T02:08:07","date_gmt":"2025-03-12T01:08:07","guid":{"rendered":"https:\/\/www.tc26-bijoux.com\/?post_type=product&#038;p=39038"},"modified":"2025-03-21T13:41:35","modified_gmt":"2025-03-21T12:41:35","slug":"alliance-or-18-carats-et-diamants-lilwenn-2","status":"publish","type":"product","link":"https:\/\/www.tc26-bijoux.com\/?product=alliance-or-18-carats-et-diamants-lilwenn-2","title":{"rendered":"Alliance Or 18 Carats et Diamants Lilwenn"},"content":{"rendered":"<p>L&rsquo;alliance Lilwenn en or 18 carats est un symbole \u00e9blouissant de l&rsquo;amour et de l&rsquo;engagement. Orn\u00e9e de diamants d&rsquo;une couleur G et d&rsquo;une puret\u00e9 VS, cette alliance scintille avec une beaut\u00e9 remarquable. Disponible avec un poids total de diamants de 1,00, 1,50, 2,00, 3,00 ou 4,00 carats, cette alliance offre diff\u00e9rentes options pour correspondre \u00e0 vos pr\u00e9f\u00e9rences. Avec 29, 25, 22, 19 ou 17 diamants, respectivement, cette alliance rayonne d&rsquo;une \u00e9l\u00e9gance subtile. La largeur de la bande varie de 2,5 \u00e0 4,5 mm, ajoutant une dimension suppl\u00e9mentaire \u00e0 son design captivant.<\/p>\n","protected":false},"excerpt":{"rendered":"<p>L&rsquo;alliance Lilwenn en or 18 carats est un symbole \u00e9blouissant de l&rsquo;amour et de l&rsquo;engagement. Orn\u00e9e de diamants d&rsquo;une couleur G et d&rsquo;une puret\u00e9 VS, cette<span class=\"excerpt-hellip\"> [\u2026]<\/span><\/p>\n","protected":false},"featured_media":4393,"template":"","meta":{"_seopress_robots_primary_cat":"","_seopress_titles_title":"","_seopress_titles_desc":"","_seopress_robots_index":"","_seopress_analysis_target_kw":"","iawp_total_views":3},"product_brand":[],"product_cat":[78],"product_tag":[],"class_list":{"0":"post-39038","1":"product","2":"type-product","3":"status-publish","4":"has-post-thumbnail","6":"product_cat-bagues-diamants","8":"first","9":"instock","10":"shipping-taxable","11":"purchasable","12":"product-type-variable"},"_links":{"self":[{"href":"https:\/\/www.tc26-bijoux.com\/index.php?rest_route=\/wp\/v2\/product\/39038","targetHints":{"allow":["GET"]}}],"collection":[{"href":"https:\/\/www.tc26-bijoux.com\/index.php?rest_route=\/wp\/v2\/product"}],"about":[{"href":"https:\/\/www.tc26-bijoux.com\/index.php?rest_route=\/wp\/v2\/types\/product"}],"wp:featuredmedia":[{"embeddable":true,"href":"https:\/\/www.tc26-bijoux.com\/index.php?rest_route=\/wp\/v2\/media\/4393"}],"wp:attachment":[{"href":"https:\/\/www.tc26-bijoux.com\/index.php?rest_route=%2Fwp%2Fv2%2Fmedia&parent=39038"}],"wp:term":[{"taxonomy":"product_brand","embeddable":true,"href":"https:\/\/www.tc26-bijoux.com\/index.php?rest_route=%2Fwp%2Fv2%2Fproduct_brand&post=39038"},{"taxonomy":"product_cat","embeddable":true,"href":"https:\/\/www.tc26-bijoux.com\/index.php?rest_route=%2Fwp%2Fv2%2Fproduct_cat&post=39038"},{"taxonomy":"product_tag","embeddable":true,"href":"https:\/\/www.tc26-bijoux.com\/index.php?rest_route=%2Fwp%2Fv2%2Fproduct_tag&post=39038"}],"curies":[{"name":"wp","href":"https:\/\/api.w.org\/{rel}","templated":true}]}}