{"id":39219,"date":"2025-03-12T02:09:09","date_gmt":"2025-03-12T01:09:09","guid":{"rendered":"https:\/\/www.tc26-bijoux.com\/?post_type=product&#038;p=39219"},"modified":"2025-03-21T13:41:43","modified_gmt":"2025-03-21T12:41:43","slug":"solitaire-diamants-acacia-2","status":"publish","type":"product","link":"https:\/\/www.tc26-bijoux.com\/?product=solitaire-diamants-acacia-2","title":{"rendered":"Solitaire Diamants Acacia"},"content":{"rendered":"<p>Le solitaire \u00ab\u00a0Acacia\u00a0\u00bb incarne l&rsquo;\u00e9l\u00e9gance classique avec une touche de modernit\u00e9. Fabriqu\u00e9 en or 18 carats, ce solitaire pr\u00e9sente une finition Or blanc qui conf\u00e8re un aspect raffin\u00e9 \u00e0 cette pi\u00e8ce d&rsquo;exception.Au c\u0153ur de ce solitaire se trouve un magnifique diamant, qui est le v\u00e9ritable protagoniste de ce bijou. Disponible en deux options, avec un poids total de diamants de 0.50 ou 0.60 carats, le diamant de qualit\u00e9 sup\u00e9rieure offre une brillance \u00e9blouissante.La couleur des diamants est class\u00e9e G, ce qui garantit leur \u00e9clat exceptionnel, tandis que leur puret\u00e9 VS t\u00e9moigne de leur clart\u00e9 et de leur puret\u00e9 immacul\u00e9e. Les diamants sont soigneusement s\u00e9lectionn\u00e9s pour leur qualit\u00e9, leur taille et leur \u00e9clat, cr\u00e9ant ainsi un effet scintillant captivant.Le design du solitaire \u00ab\u00a0Acacia\u00a0\u00bb met en valeur le diamant, avec une monture minimaliste qui permet \u00e0 la pierre pr\u00e9cieuse de briller de tous ses \u00e9clats. La simplicit\u00e9 de la monture en or blanc met en avant la beaut\u00e9 intemporelle du diamant, cr\u00e9ant un contraste saisissant.Le solitaire \u00ab\u00a0Acacia\u00a0\u00bb est le choix parfait pour celles et ceux qui appr\u00e9cient la simplicit\u00e9 et l&rsquo;\u00e9l\u00e9gance intemporelle. Que ce soit pour une demande en mariage, une occasion sp\u00e9ciale ou simplement pour c\u00e9l\u00e9brer votre amour, ce solitaire est un symbole de raffinement et de style.<\/p>\n","protected":false},"excerpt":{"rendered":"<p>Le solitaire \u00ab\u00a0Acacia\u00a0\u00bb incarne l&rsquo;\u00e9l\u00e9gance classique avec une touche de modernit\u00e9. Fabriqu\u00e9 en or 18 carats, ce solitaire pr\u00e9sente une finition Or blanc qui conf\u00e8re un<span class=\"excerpt-hellip\"> [\u2026]<\/span><\/p>\n","protected":false},"featured_media":6292,"template":"","meta":{"_seopress_robots_primary_cat":"","_seopress_titles_title":"","_seopress_titles_desc":"","_seopress_robots_index":"","_seopress_analysis_target_kw":"","iawp_total_views":10},"product_brand":[],"product_cat":[78],"product_tag":[],"class_list":{"0":"post-39219","1":"product","2":"type-product","3":"status-publish","4":"has-post-thumbnail","6":"product_cat-bagues-diamants","8":"first","9":"instock","10":"shipping-taxable","11":"purchasable","12":"product-type-variable"},"_links":{"self":[{"href":"https:\/\/www.tc26-bijoux.com\/index.php?rest_route=\/wp\/v2\/product\/39219","targetHints":{"allow":["GET"]}}],"collection":[{"href":"https:\/\/www.tc26-bijoux.com\/index.php?rest_route=\/wp\/v2\/product"}],"about":[{"href":"https:\/\/www.tc26-bijoux.com\/index.php?rest_route=\/wp\/v2\/types\/product"}],"wp:featuredmedia":[{"embeddable":true,"href":"https:\/\/www.tc26-bijoux.com\/index.php?rest_route=\/wp\/v2\/media\/6292"}],"wp:attachment":[{"href":"https:\/\/www.tc26-bijoux.com\/index.php?rest_route=%2Fwp%2Fv2%2Fmedia&parent=39219"}],"wp:term":[{"taxonomy":"product_brand","embeddable":true,"href":"https:\/\/www.tc26-bijoux.com\/index.php?rest_route=%2Fwp%2Fv2%2Fproduct_brand&post=39219"},{"taxonomy":"product_cat","embeddable":true,"href":"https:\/\/www.tc26-bijoux.com\/index.php?rest_route=%2Fwp%2Fv2%2Fproduct_cat&post=39219"},{"taxonomy":"product_tag","embeddable":true,"href":"https:\/\/www.tc26-bijoux.com\/index.php?rest_route=%2Fwp%2Fv2%2Fproduct_tag&post=39219"}],"curies":[{"name":"wp","href":"https:\/\/api.w.org\/{rel}","templated":true}]}}