{"id":39292,"date":"2025-03-12T02:09:31","date_gmt":"2025-03-12T01:09:31","guid":{"rendered":"https:\/\/www.tc26-bijoux.com\/?post_type=product&#038;p=39292"},"modified":"2025-03-21T13:41:58","modified_gmt":"2025-03-21T12:41:58","slug":"adriel-or-blancdiamant-aigue-marine-2","status":"publish","type":"product","link":"https:\/\/www.tc26-bijoux.com\/?product=adriel-or-blancdiamant-aigue-marine-2","title":{"rendered":"Adriel or blanc,diamant aigu\u00eb marine"},"content":{"rendered":"<p>La bague \u00ab\u00a0Adriel\u00a0\u00bb est un bijou d&rsquo;exception qui incarne l&rsquo;\u00e9l\u00e9gance et la sophistication. Fabriqu\u00e9e en or 18 carats, cette bague arbore une couleur Or blanche qui lui conf\u00e8re une aura de puret\u00e9 et de luxe.<\/p>\n","protected":false},"excerpt":{"rendered":"<p>La bague \u00ab\u00a0Adriel\u00a0\u00bb est un bijou d&rsquo;exception qui incarne l&rsquo;\u00e9l\u00e9gance et la sophistication. Fabriqu\u00e9e en or 18 carats, cette bague arbore une couleur Or blanche qui<span class=\"excerpt-hellip\"> [\u2026]<\/span><\/p>\n","protected":false},"featured_media":7401,"template":"","meta":{"_seopress_robots_primary_cat":"","_seopress_titles_title":"","_seopress_titles_desc":"","_seopress_robots_index":"","_seopress_analysis_target_kw":"","iawp_total_views":38},"product_brand":[],"product_cat":[78],"product_tag":[],"class_list":{"0":"post-39292","1":"product","2":"type-product","3":"status-publish","4":"has-post-thumbnail","6":"product_cat-bagues-diamants","8":"first","9":"instock","10":"shipping-taxable","11":"purchasable","12":"product-type-variable"},"_links":{"self":[{"href":"https:\/\/www.tc26-bijoux.com\/index.php?rest_route=\/wp\/v2\/product\/39292","targetHints":{"allow":["GET"]}}],"collection":[{"href":"https:\/\/www.tc26-bijoux.com\/index.php?rest_route=\/wp\/v2\/product"}],"about":[{"href":"https:\/\/www.tc26-bijoux.com\/index.php?rest_route=\/wp\/v2\/types\/product"}],"wp:featuredmedia":[{"embeddable":true,"href":"https:\/\/www.tc26-bijoux.com\/index.php?rest_route=\/wp\/v2\/media\/7401"}],"wp:attachment":[{"href":"https:\/\/www.tc26-bijoux.com\/index.php?rest_route=%2Fwp%2Fv2%2Fmedia&parent=39292"}],"wp:term":[{"taxonomy":"product_brand","embeddable":true,"href":"https:\/\/www.tc26-bijoux.com\/index.php?rest_route=%2Fwp%2Fv2%2Fproduct_brand&post=39292"},{"taxonomy":"product_cat","embeddable":true,"href":"https:\/\/www.tc26-bijoux.com\/index.php?rest_route=%2Fwp%2Fv2%2Fproduct_cat&post=39292"},{"taxonomy":"product_tag","embeddable":true,"href":"https:\/\/www.tc26-bijoux.com\/index.php?rest_route=%2Fwp%2Fv2%2Fproduct_tag&post=39292"}],"curies":[{"name":"wp","href":"https:\/\/api.w.org\/{rel}","templated":true}]}}