{"id":39620,"date":"2025-03-12T02:11:19","date_gmt":"2025-03-12T01:11:19","guid":{"rendered":"https:\/\/www.tc26-bijoux.com\/?post_type=product&#038;p=39620"},"modified":"2025-03-21T13:42:24","modified_gmt":"2025-03-21T12:42:24","slug":"bague-diamants-aigue-marine-alba-2","status":"publish","type":"product","link":"https:\/\/www.tc26-bijoux.com\/?product=bague-diamants-aigue-marine-alba-2","title":{"rendered":"Bague Diamants Aigu\u00eb Marine Alba"},"content":{"rendered":"<p>D\u00e9couvrez \u00ab\u00a0Alba\u00a0\u00bb, une bague luxueuse fabriqu\u00e9e \u00e0 Paris qui incarne l&rsquo;\u00e9l\u00e9gance supr\u00eame. Confectionn\u00e9e en or 18 carats d&rsquo;une finesse remarquable, cette cr\u00e9ation exquise s\u00e9duit par sa beaut\u00e9 intemporelle. Le blanc ajoute une touche de raffinement suppl\u00e9mentaire.<\/p>\n","protected":false},"excerpt":{"rendered":"<p>D\u00e9couvrez \u00ab\u00a0Alba\u00a0\u00bb, une bague luxueuse fabriqu\u00e9e \u00e0 Paris qui incarne l&rsquo;\u00e9l\u00e9gance supr\u00eame. Confectionn\u00e9e en or 18 carats d&rsquo;une finesse remarquable, cette cr\u00e9ation exquise s\u00e9duit par sa<span class=\"excerpt-hellip\"> [\u2026]<\/span><\/p>\n","protected":false},"featured_media":7586,"template":"","meta":{"_seopress_robots_primary_cat":"","_seopress_titles_title":"","_seopress_titles_desc":"","_seopress_robots_index":"","_seopress_analysis_target_kw":"","iawp_total_views":0},"product_brand":[],"product_cat":[78],"product_tag":[],"class_list":{"0":"post-39620","1":"product","2":"type-product","3":"status-publish","4":"has-post-thumbnail","6":"product_cat-bagues-diamants","8":"first","9":"instock","10":"shipping-taxable","11":"purchasable","12":"product-type-variable"},"_links":{"self":[{"href":"https:\/\/www.tc26-bijoux.com\/index.php?rest_route=\/wp\/v2\/product\/39620","targetHints":{"allow":["GET"]}}],"collection":[{"href":"https:\/\/www.tc26-bijoux.com\/index.php?rest_route=\/wp\/v2\/product"}],"about":[{"href":"https:\/\/www.tc26-bijoux.com\/index.php?rest_route=\/wp\/v2\/types\/product"}],"wp:featuredmedia":[{"embeddable":true,"href":"https:\/\/www.tc26-bijoux.com\/index.php?rest_route=\/wp\/v2\/media\/7586"}],"wp:attachment":[{"href":"https:\/\/www.tc26-bijoux.com\/index.php?rest_route=%2Fwp%2Fv2%2Fmedia&parent=39620"}],"wp:term":[{"taxonomy":"product_brand","embeddable":true,"href":"https:\/\/www.tc26-bijoux.com\/index.php?rest_route=%2Fwp%2Fv2%2Fproduct_brand&post=39620"},{"taxonomy":"product_cat","embeddable":true,"href":"https:\/\/www.tc26-bijoux.com\/index.php?rest_route=%2Fwp%2Fv2%2Fproduct_cat&post=39620"},{"taxonomy":"product_tag","embeddable":true,"href":"https:\/\/www.tc26-bijoux.com\/index.php?rest_route=%2Fwp%2Fv2%2Fproduct_tag&post=39620"}],"curies":[{"name":"wp","href":"https:\/\/api.w.org\/{rel}","templated":true}]}}