{"id":40167,"date":"2025-03-12T02:14:09","date_gmt":"2025-03-12T01:14:09","guid":{"rendered":"https:\/\/www.tc26-bijoux.com\/?post_type=product&#038;p=40167"},"modified":"2025-03-21T13:43:26","modified_gmt":"2025-03-21T12:43:26","slug":"bague-diamants-angy","status":"publish","type":"product","link":"https:\/\/www.tc26-bijoux.com\/?product=bague-diamants-angy","title":{"rendered":"Bague Diamants Angy"},"content":{"rendered":"<p>La bague Angy est fabriqu\u00e9e en or 18 carats, disponible en couleur or rose ou jaune. Elle est orn\u00e9e de diamants de couleur G, d&rsquo;une puret\u00e9 VS, avec un poids total de 0,40 carats. La pierre principale est une citrine, avec un poids total de 1,90 carats. Les dimensions de la bague sont de 11 mm, avec une largeur de bande de 2,0 mm. Cette bague est un magnifique m\u00e9lange de l&rsquo;\u00e9clat des diamants et de la beaut\u00e9 chaleureuse de la citrine, apportant une touche de couleur et d&rsquo;\u00e9l\u00e9gance \u00e0 votre style.<\/p>\n","protected":false},"excerpt":{"rendered":"<p>La bague Angy est fabriqu\u00e9e en or 18 carats, disponible en couleur or rose ou jaune. Elle est orn\u00e9e de diamants de couleur G, d&rsquo;une puret\u00e9<span class=\"excerpt-hellip\"> [\u2026]<\/span><\/p>\n","protected":false},"featured_media":7957,"template":"","meta":{"_seopress_robots_primary_cat":"","_seopress_titles_title":"","_seopress_titles_desc":"","_seopress_robots_index":"","_seopress_analysis_target_kw":"","iawp_total_views":2},"product_brand":[],"product_cat":[78],"product_tag":[],"class_list":{"0":"post-40167","1":"product","2":"type-product","3":"status-publish","4":"has-post-thumbnail","6":"product_cat-bagues-diamants","8":"first","9":"instock","10":"shipping-taxable","11":"purchasable","12":"product-type-variable"},"_links":{"self":[{"href":"https:\/\/www.tc26-bijoux.com\/index.php?rest_route=\/wp\/v2\/product\/40167","targetHints":{"allow":["GET"]}}],"collection":[{"href":"https:\/\/www.tc26-bijoux.com\/index.php?rest_route=\/wp\/v2\/product"}],"about":[{"href":"https:\/\/www.tc26-bijoux.com\/index.php?rest_route=\/wp\/v2\/types\/product"}],"wp:featuredmedia":[{"embeddable":true,"href":"https:\/\/www.tc26-bijoux.com\/index.php?rest_route=\/wp\/v2\/media\/7957"}],"wp:attachment":[{"href":"https:\/\/www.tc26-bijoux.com\/index.php?rest_route=%2Fwp%2Fv2%2Fmedia&parent=40167"}],"wp:term":[{"taxonomy":"product_brand","embeddable":true,"href":"https:\/\/www.tc26-bijoux.com\/index.php?rest_route=%2Fwp%2Fv2%2Fproduct_brand&post=40167"},{"taxonomy":"product_cat","embeddable":true,"href":"https:\/\/www.tc26-bijoux.com\/index.php?rest_route=%2Fwp%2Fv2%2Fproduct_cat&post=40167"},{"taxonomy":"product_tag","embeddable":true,"href":"https:\/\/www.tc26-bijoux.com\/index.php?rest_route=%2Fwp%2Fv2%2Fproduct_tag&post=40167"}],"curies":[{"name":"wp","href":"https:\/\/api.w.org\/{rel}","templated":true}]}}