{"id":40314,"date":"2025-03-12T02:14:50","date_gmt":"2025-03-12T01:14:50","guid":{"rendered":"https:\/\/www.tc26-bijoux.com\/?post_type=product&#038;p=40314"},"modified":"2025-03-21T13:44:02","modified_gmt":"2025-03-21T12:44:02","slug":"demie-alliance-diamants-et-or-18-carats-clio","status":"publish","type":"product","link":"https:\/\/www.tc26-bijoux.com\/?product=demie-alliance-diamants-et-or-18-carats-clio","title":{"rendered":"Demie-Alliance Diamants et Or 18 Carats Clio"},"content":{"rendered":"<p>La demi-alliance Clio en or 18 carats est disponible dans les couleurs Blanc, Jaune et Rose. Elle est compos\u00e9e de 3 diamants d&rsquo;un poids total de 0,50, 0,75, 1,00, 1,50, 2,00 ou 3,00 carats. La largeur de la bande varie entre 1,9, 2,1, 2,2, 2,3, 2,4 et 2,7 mm, offrant diff\u00e9rentes options pour le style et le confort. Les diamants de cette bague ont une puret\u00e9 de GVS, assurant une belle brillance et clart\u00e9. La demi-alliance Clio est un choix \u00e9l\u00e9gant et intemporel, parfait pour symboliser un engagement ou c\u00e9l\u00e9brer une occasion sp\u00e9ciale.<\/p>\n","protected":false},"excerpt":{"rendered":"<p>Mati\u00e8re\u00a0: Or\u00a018 Carats<\/p>\n<p>Couleur m\u00e9tal\u00a0: Blanc \/ Jaune \/ Rose<\/p>\n<p>Nature de\u00a0la \u00a0Pierres\u00a0: Diamants\u00a0<\/p>\n<p>Poid total des Pierres\u00a0\u00a0:\u00a00.50 \/ 0.75 \/ 1.00 \/ 1.50 \/ 2.00 \/ 3.00\u00a0Carats<\/p>\n<p>Nombre de Pierres\u00a0\u00a0: 3\u00a0Diamants\u00a0\u00a0<\/p>\n<p>Largeur de la bande\u00a0: 1.9 \/ 2.1 \/ 2.2 \/ 2.3 \/ 2.4 \/2.7\u00a0 mm<\/p>\n<p>Puret\u00e9 \u00a0Diamants\u00a0: GVS\u00a0<\/p>\n<p>R\u00e9f\u00e9rence\u00a0: XYR6774 \/ XYR6775 \/ XYR6776 \/ XYR6772 \/ XYR6773 \/ XYR7044<\/p>\n","protected":false},"featured_media":5900,"template":"","meta":{"_seopress_robots_primary_cat":"","_seopress_titles_title":"","_seopress_titles_desc":"","_seopress_robots_index":"","_seopress_analysis_target_kw":"","iawp_total_views":4},"product_brand":[],"product_cat":[78],"product_tag":[],"class_list":{"0":"post-40314","1":"product","2":"type-product","3":"status-publish","4":"has-post-thumbnail","6":"product_cat-bagues-diamants","8":"first","9":"instock","10":"shipping-taxable","11":"purchasable","12":"product-type-variable"},"_links":{"self":[{"href":"https:\/\/www.tc26-bijoux.com\/index.php?rest_route=\/wp\/v2\/product\/40314","targetHints":{"allow":["GET"]}}],"collection":[{"href":"https:\/\/www.tc26-bijoux.com\/index.php?rest_route=\/wp\/v2\/product"}],"about":[{"href":"https:\/\/www.tc26-bijoux.com\/index.php?rest_route=\/wp\/v2\/types\/product"}],"wp:featuredmedia":[{"embeddable":true,"href":"https:\/\/www.tc26-bijoux.com\/index.php?rest_route=\/wp\/v2\/media\/5900"}],"wp:attachment":[{"href":"https:\/\/www.tc26-bijoux.com\/index.php?rest_route=%2Fwp%2Fv2%2Fmedia&parent=40314"}],"wp:term":[{"taxonomy":"product_brand","embeddable":true,"href":"https:\/\/www.tc26-bijoux.com\/index.php?rest_route=%2Fwp%2Fv2%2Fproduct_brand&post=40314"},{"taxonomy":"product_cat","embeddable":true,"href":"https:\/\/www.tc26-bijoux.com\/index.php?rest_route=%2Fwp%2Fv2%2Fproduct_cat&post=40314"},{"taxonomy":"product_tag","embeddable":true,"href":"https:\/\/www.tc26-bijoux.com\/index.php?rest_route=%2Fwp%2Fv2%2Fproduct_tag&post=40314"}],"curies":[{"name":"wp","href":"https:\/\/api.w.org\/{rel}","templated":true}]}}