{"id":40679,"date":"2025-03-12T02:16:40","date_gmt":"2025-03-12T01:16:40","guid":{"rendered":"https:\/\/www.tc26-bijoux.com\/?post_type=product&#038;p=40679"},"modified":"2025-03-21T13:44:22","modified_gmt":"2025-03-21T12:44:22","slug":"solitaire-or-diamants-andra-2","status":"publish","type":"product","link":"https:\/\/www.tc26-bijoux.com\/?product=solitaire-or-diamants-andra-2","title":{"rendered":"Solitaire Or Diamants Andra"},"content":{"rendered":"<p>Le solitaire Andra est fabriqu\u00e9 en or 18 carats, avec un or de couleur blanc. Il est serti d&rsquo;un diamant de couleur G, d&rsquo;une puret\u00e9 VS. Le poids total du diamant est de 0,65 carats. La dimension de la pierre principale est de 7,2 mm. Ce solitaire est une pi\u00e8ce intemporelle et \u00e9l\u00e9gante, id\u00e9ale pour symboliser l&rsquo;amour et l&rsquo;engagement. Sa r\u00e9f\u00e9rence est DNR0960.<\/p>\n","protected":false},"excerpt":{"rendered":"<p>Le solitaire Andra est fabriqu\u00e9 en or 18 carats, avec un or de couleur blanc. Il est serti d&rsquo;un diamant de couleur G, d&rsquo;une puret\u00e9 VS.<span class=\"excerpt-hellip\"> [\u2026]<\/span><\/p>\n","protected":false},"featured_media":6075,"template":"","meta":{"_seopress_robots_primary_cat":"","_seopress_titles_title":"","_seopress_titles_desc":"","_seopress_robots_index":"","_seopress_analysis_target_kw":"","iawp_total_views":1},"product_brand":[],"product_cat":[78],"product_tag":[],"class_list":{"0":"post-40679","1":"product","2":"type-product","3":"status-publish","4":"has-post-thumbnail","6":"product_cat-bagues-diamants","8":"first","9":"instock","10":"shipping-taxable","11":"purchasable","12":"product-type-variable"},"_links":{"self":[{"href":"https:\/\/www.tc26-bijoux.com\/index.php?rest_route=\/wp\/v2\/product\/40679","targetHints":{"allow":["GET"]}}],"collection":[{"href":"https:\/\/www.tc26-bijoux.com\/index.php?rest_route=\/wp\/v2\/product"}],"about":[{"href":"https:\/\/www.tc26-bijoux.com\/index.php?rest_route=\/wp\/v2\/types\/product"}],"wp:featuredmedia":[{"embeddable":true,"href":"https:\/\/www.tc26-bijoux.com\/index.php?rest_route=\/wp\/v2\/media\/6075"}],"wp:attachment":[{"href":"https:\/\/www.tc26-bijoux.com\/index.php?rest_route=%2Fwp%2Fv2%2Fmedia&parent=40679"}],"wp:term":[{"taxonomy":"product_brand","embeddable":true,"href":"https:\/\/www.tc26-bijoux.com\/index.php?rest_route=%2Fwp%2Fv2%2Fproduct_brand&post=40679"},{"taxonomy":"product_cat","embeddable":true,"href":"https:\/\/www.tc26-bijoux.com\/index.php?rest_route=%2Fwp%2Fv2%2Fproduct_cat&post=40679"},{"taxonomy":"product_tag","embeddable":true,"href":"https:\/\/www.tc26-bijoux.com\/index.php?rest_route=%2Fwp%2Fv2%2Fproduct_tag&post=40679"}],"curies":[{"name":"wp","href":"https:\/\/api.w.org\/{rel}","templated":true}]}}