{"id":40716,"date":"2025-03-12T02:16:50","date_gmt":"2025-03-12T01:16:50","guid":{"rendered":"https:\/\/www.tc26-bijoux.com\/?post_type=product&#038;p=40716"},"modified":"2025-03-21T13:44:26","modified_gmt":"2025-03-21T12:44:26","slug":"solitaire-diamants-andresia","status":"publish","type":"product","link":"https:\/\/www.tc26-bijoux.com\/?product=solitaire-diamants-andresia","title":{"rendered":"Solitaire Diamants Andresia"},"content":{"rendered":"<p>La bague de fian\u00e7ailles Andresia est con\u00e7ue en or 18 carats avec un or de couleur blanc. Elle est incrust\u00e9e de diamants de couleur G, avec une puret\u00e9 VS. Le poids total des diamants s&rsquo;\u00e9l\u00e8ve \u00e0 2,00 carats. Les dimensions de la bague sont de 18,9&#215;21,9 mm, ce qui en fait un bijou imposant et luxueux. Sa r\u00e9f\u00e9rence est SL7737. Cette bague est un v\u00e9ritable \u00e9clat de glamour et de sophistication, parfait pour les occasions sp\u00e9ciales et les moments m\u00e9morables.<\/p>\n","protected":false},"excerpt":{"rendered":"<p>La bague de fian\u00e7ailles Andresia est con\u00e7ue en or 18 carats avec un or de couleur blanc. Elle est incrust\u00e9e de diamants de couleur G, avec<span class=\"excerpt-hellip\"> [\u2026]<\/span><\/p>\n","protected":false},"featured_media":7216,"template":"","meta":{"_seopress_robots_primary_cat":"","_seopress_titles_title":"","_seopress_titles_desc":"","_seopress_robots_index":"","_seopress_analysis_target_kw":"","iawp_total_views":5},"product_brand":[],"product_cat":[78],"product_tag":[],"class_list":{"0":"post-40716","1":"product","2":"type-product","3":"status-publish","4":"has-post-thumbnail","6":"product_cat-bagues-diamants","8":"first","9":"instock","10":"shipping-taxable","11":"purchasable","12":"product-type-variable"},"_links":{"self":[{"href":"https:\/\/www.tc26-bijoux.com\/index.php?rest_route=\/wp\/v2\/product\/40716","targetHints":{"allow":["GET"]}}],"collection":[{"href":"https:\/\/www.tc26-bijoux.com\/index.php?rest_route=\/wp\/v2\/product"}],"about":[{"href":"https:\/\/www.tc26-bijoux.com\/index.php?rest_route=\/wp\/v2\/types\/product"}],"wp:featuredmedia":[{"embeddable":true,"href":"https:\/\/www.tc26-bijoux.com\/index.php?rest_route=\/wp\/v2\/media\/7216"}],"wp:attachment":[{"href":"https:\/\/www.tc26-bijoux.com\/index.php?rest_route=%2Fwp%2Fv2%2Fmedia&parent=40716"}],"wp:term":[{"taxonomy":"product_brand","embeddable":true,"href":"https:\/\/www.tc26-bijoux.com\/index.php?rest_route=%2Fwp%2Fv2%2Fproduct_brand&post=40716"},{"taxonomy":"product_cat","embeddable":true,"href":"https:\/\/www.tc26-bijoux.com\/index.php?rest_route=%2Fwp%2Fv2%2Fproduct_cat&post=40716"},{"taxonomy":"product_tag","embeddable":true,"href":"https:\/\/www.tc26-bijoux.com\/index.php?rest_route=%2Fwp%2Fv2%2Fproduct_tag&post=40716"}],"curies":[{"name":"wp","href":"https:\/\/api.w.org\/{rel}","templated":true}]}}