{"id":41194,"date":"2025-03-12T02:19:11","date_gmt":"2025-03-12T01:19:11","guid":{"rendered":"https:\/\/www.tc26-bijoux.com\/?post_type=product&#038;p=41194"},"modified":"2025-03-21T13:45:16","modified_gmt":"2025-03-21T12:45:16","slug":"bague-or-diamants-kanelia","status":"publish","type":"product","link":"https:\/\/www.tc26-bijoux.com\/?product=bague-or-diamants-kanelia","title":{"rendered":"Bague Or Diamants Kanelia"},"content":{"rendered":"<p>La bague Kanelia en or 18 carats est une pi\u00e8ce d&rsquo;exception orn\u00e9e de diamants ronds et princesse. Fabriqu\u00e9e avec pr\u00e9cision, cette bague offre un \u00e9clat remarquable gr\u00e2ce \u00e0 ses 75 diamants d&rsquo;une puret\u00e9 VS et d&rsquo;une couleur G. Le poids total des diamants s&rsquo;\u00e9l\u00e8ve \u00e0 1 carat, cr\u00e9ant ainsi une brillance \u00e9tincelante. Avec une largeur d&rsquo;anneau de 5.6 mm, la bague Kanelia allie \u00e9l\u00e9gance et raffinement, et sera un v\u00e9ritable joyau \u00e0 votre doigt.<\/p>\n","protected":false},"excerpt":{"rendered":"<p>Mati\u00e8re : Or\u00a018 carat\u00a0<\/p>\n<p>Couleur m\u00e9tal : Blanc \/ Jaune<\/p>\n<p>Nature des Pierres : Diamants rond &#038; Princesse\u00a0<\/p>\n<p>Couleur des Diamants : G<\/p>\n<p>Puret\u00e9 des Diamants : VS<\/p>\n<p>Poid des Diamants\u00a0\u00a0\u00a0:\u00a0 1 Carat<\/p>\n<p>Nombre de Diamants\u00a0\u00a0: 75<\/p>\n<p>Largeur de l&rsquo;anneau : 5.6 mm<\/p>\n<p>R\u00e9f\u00e9rence : SL6253<\/p>\n","protected":false},"featured_media":4581,"template":"","meta":{"_seopress_robots_primary_cat":"","_seopress_titles_title":"","_seopress_titles_desc":"","_seopress_robots_index":"","_seopress_analysis_target_kw":"","iawp_total_views":1},"product_brand":[],"product_cat":[78],"product_tag":[],"class_list":{"0":"post-41194","1":"product","2":"type-product","3":"status-publish","4":"has-post-thumbnail","6":"product_cat-bagues-diamants","8":"first","9":"instock","10":"shipping-taxable","11":"purchasable","12":"product-type-variable"},"_links":{"self":[{"href":"https:\/\/www.tc26-bijoux.com\/index.php?rest_route=\/wp\/v2\/product\/41194","targetHints":{"allow":["GET"]}}],"collection":[{"href":"https:\/\/www.tc26-bijoux.com\/index.php?rest_route=\/wp\/v2\/product"}],"about":[{"href":"https:\/\/www.tc26-bijoux.com\/index.php?rest_route=\/wp\/v2\/types\/product"}],"wp:featuredmedia":[{"embeddable":true,"href":"https:\/\/www.tc26-bijoux.com\/index.php?rest_route=\/wp\/v2\/media\/4581"}],"wp:attachment":[{"href":"https:\/\/www.tc26-bijoux.com\/index.php?rest_route=%2Fwp%2Fv2%2Fmedia&parent=41194"}],"wp:term":[{"taxonomy":"product_brand","embeddable":true,"href":"https:\/\/www.tc26-bijoux.com\/index.php?rest_route=%2Fwp%2Fv2%2Fproduct_brand&post=41194"},{"taxonomy":"product_cat","embeddable":true,"href":"https:\/\/www.tc26-bijoux.com\/index.php?rest_route=%2Fwp%2Fv2%2Fproduct_cat&post=41194"},{"taxonomy":"product_tag","embeddable":true,"href":"https:\/\/www.tc26-bijoux.com\/index.php?rest_route=%2Fwp%2Fv2%2Fproduct_tag&post=41194"}],"curies":[{"name":"wp","href":"https:\/\/api.w.org\/{rel}","templated":true}]}}