{"id":41959,"date":"2025-03-12T02:23:44","date_gmt":"2025-03-12T01:23:44","guid":{"rendered":"https:\/\/www.tc26-bijoux.com\/?post_type=product&#038;p=41959"},"modified":"2025-03-21T13:46:40","modified_gmt":"2025-03-21T12:46:40","slug":"solitaire-or-diamants-awen-2","status":"publish","type":"product","link":"https:\/\/www.tc26-bijoux.com\/?product=solitaire-or-diamants-awen-2","title":{"rendered":"Solitaire Or Diamants Awen"},"content":{"rendered":"<p>Le solitaire Awen en or 18 carats est un anneau \u00e9l\u00e9gant disponible en couleur or blanc ou jaune. Il est orn\u00e9 d&rsquo;un diamant central d&rsquo;un caratage de 0,25 carats, qui ajoute une touche d&rsquo;\u00e9clat et de brillance \u00e0 la bague. Le caratage total des diamants de l&rsquo;anneau est de 0,80 carats, avec une puret\u00e9 GVS, garantissant une qualit\u00e9 et une clart\u00e9 remarquables. La bande de la bague a une largeur de 3 mm, offrant une pr\u00e9sence visuelle subtile mais \u00e9l\u00e9gante. Le solitaire Awen en or 18 carats et diamants est le choix id\u00e9al pour symboliser votre amour et votre engagement avec style et sophistication.<\/p>\n","protected":false},"excerpt":{"rendered":"<p>Le solitaire Awen en or 18 carats est un anneau \u00e9l\u00e9gant disponible en couleur or blanc ou jaune. Il est orn\u00e9 d&rsquo;un diamant central d&rsquo;un caratage<span class=\"excerpt-hellip\"> [\u2026]<\/span><\/p>\n","protected":false},"featured_media":910,"template":"","meta":{"_seopress_robots_primary_cat":"","_seopress_titles_title":"","_seopress_titles_desc":"","_seopress_robots_index":"","_seopress_analysis_target_kw":"","iawp_total_views":1},"product_brand":[],"product_cat":[78],"product_tag":[],"class_list":{"0":"post-41959","1":"product","2":"type-product","3":"status-publish","4":"has-post-thumbnail","6":"product_cat-bagues-diamants","8":"first","9":"instock","10":"shipping-taxable","11":"purchasable","12":"product-type-variable"},"_links":{"self":[{"href":"https:\/\/www.tc26-bijoux.com\/index.php?rest_route=\/wp\/v2\/product\/41959","targetHints":{"allow":["GET"]}}],"collection":[{"href":"https:\/\/www.tc26-bijoux.com\/index.php?rest_route=\/wp\/v2\/product"}],"about":[{"href":"https:\/\/www.tc26-bijoux.com\/index.php?rest_route=\/wp\/v2\/types\/product"}],"wp:featuredmedia":[{"embeddable":true,"href":"https:\/\/www.tc26-bijoux.com\/index.php?rest_route=\/wp\/v2\/media\/910"}],"wp:attachment":[{"href":"https:\/\/www.tc26-bijoux.com\/index.php?rest_route=%2Fwp%2Fv2%2Fmedia&parent=41959"}],"wp:term":[{"taxonomy":"product_brand","embeddable":true,"href":"https:\/\/www.tc26-bijoux.com\/index.php?rest_route=%2Fwp%2Fv2%2Fproduct_brand&post=41959"},{"taxonomy":"product_cat","embeddable":true,"href":"https:\/\/www.tc26-bijoux.com\/index.php?rest_route=%2Fwp%2Fv2%2Fproduct_cat&post=41959"},{"taxonomy":"product_tag","embeddable":true,"href":"https:\/\/www.tc26-bijoux.com\/index.php?rest_route=%2Fwp%2Fv2%2Fproduct_tag&post=41959"}],"curies":[{"name":"wp","href":"https:\/\/api.w.org\/{rel}","templated":true}]}}