{"id":42434,"date":"2025-03-12T02:26:30","date_gmt":"2025-03-12T01:26:30","guid":{"rendered":"https:\/\/www.tc26-bijoux.com\/?post_type=product&#038;p=42434"},"modified":"2025-03-21T13:47:25","modified_gmt":"2025-03-21T12:47:25","slug":"solitaire-diamants-kelyane","status":"publish","type":"product","link":"https:\/\/www.tc26-bijoux.com\/?product=solitaire-diamants-kelyane","title":{"rendered":"Solitaire Diamants Kelyane"},"content":{"rendered":"<p>Le solitaire Kelyane en or 18 carats est une bague de caract\u00e8re, disponible en diff\u00e9rentes couleurs d&rsquo;or (blanc, rose et jaune). Il est orn\u00e9 de diamants de couleur G et de puret\u00e9 VS, avec un poids total de 0,60 carats. Le diamant central p\u00e8se 0,20 carats, offrant une brillance remarquable. Avec son design \u00e9l\u00e9gant et intemporel, la bague Kelyane est parfaite pour c\u00e9l\u00e9brer des moments sp\u00e9ciaux et pour t\u00e9moigner d&rsquo;un amour \u00e9ternel.<\/p>\n","protected":false},"excerpt":{"rendered":"<p>Mati\u00e8re : Or\u00a018 Carats<\/p>\n<p>Couleur m\u00e9tal : Blanc \/ Rose \/ Jaune\u00a0<\/p>\n<p>Nature des\u00a0Pierres : Diamants\u00a0<\/p>\n<p>Couleur des\u00a0Diamants : G<\/p>\n<p>Puret\u00e9 des\u00a0Diamants : VS<\/p>\n<p>Poid Total des diamants\u00a0\u00a0: 0.60\u00a0Carats<\/p>\n<p>Poid du diamant central : 0.20\u00a0Carats\u00a0<\/p>\n<p>Largeur de la bande : 1.9\u00a0mm<\/p>\n<p>R\u00e9f\u00e9rence : BJR0007<\/p>\n","protected":false},"featured_media":4362,"template":"","meta":{"_seopress_robots_primary_cat":"","_seopress_titles_title":"","_seopress_titles_desc":"","_seopress_robots_index":"","_seopress_analysis_target_kw":"","iawp_total_views":0},"product_brand":[],"product_cat":[78],"product_tag":[],"class_list":{"0":"post-42434","1":"product","2":"type-product","3":"status-publish","4":"has-post-thumbnail","6":"product_cat-bagues-diamants","8":"first","9":"instock","10":"shipping-taxable","11":"purchasable","12":"product-type-variable"},"_links":{"self":[{"href":"https:\/\/www.tc26-bijoux.com\/index.php?rest_route=\/wp\/v2\/product\/42434","targetHints":{"allow":["GET"]}}],"collection":[{"href":"https:\/\/www.tc26-bijoux.com\/index.php?rest_route=\/wp\/v2\/product"}],"about":[{"href":"https:\/\/www.tc26-bijoux.com\/index.php?rest_route=\/wp\/v2\/types\/product"}],"wp:featuredmedia":[{"embeddable":true,"href":"https:\/\/www.tc26-bijoux.com\/index.php?rest_route=\/wp\/v2\/media\/4362"}],"wp:attachment":[{"href":"https:\/\/www.tc26-bijoux.com\/index.php?rest_route=%2Fwp%2Fv2%2Fmedia&parent=42434"}],"wp:term":[{"taxonomy":"product_brand","embeddable":true,"href":"https:\/\/www.tc26-bijoux.com\/index.php?rest_route=%2Fwp%2Fv2%2Fproduct_brand&post=42434"},{"taxonomy":"product_cat","embeddable":true,"href":"https:\/\/www.tc26-bijoux.com\/index.php?rest_route=%2Fwp%2Fv2%2Fproduct_cat&post=42434"},{"taxonomy":"product_tag","embeddable":true,"href":"https:\/\/www.tc26-bijoux.com\/index.php?rest_route=%2Fwp%2Fv2%2Fproduct_tag&post=42434"}],"curies":[{"name":"wp","href":"https:\/\/api.w.org\/{rel}","templated":true}]}}