{"id":42471,"date":"2025-03-12T02:26:41","date_gmt":"2025-03-12T01:26:41","guid":{"rendered":"https:\/\/www.tc26-bijoux.com\/?post_type=product&#038;p=42471"},"modified":"2025-03-21T13:47:28","modified_gmt":"2025-03-21T12:47:28","slug":"solitaire-or-18k-et-diamants-emerine-2","status":"publish","type":"product","link":"https:\/\/www.tc26-bijoux.com\/?product=solitaire-or-18k-et-diamants-emerine-2","title":{"rendered":"Solitaire Or 18K et Diamants Emerine"},"content":{"rendered":"<p>La bague de fian\u00e7ailles Emerine en or 18 carats est une pi\u00e8ce magnifique qui met en valeur la beaut\u00e9 des diamants. Avec un poids total de 0.75 carats, les diamants scintillent de fa\u00e7on \u00e9blouissante sur le doigt. La bague pr\u00e9sente une dimension de 7.8&#215;16.8 mm, offrant une taille g\u00e9n\u00e9reuse qui capture l&rsquo;attention. Fabriqu\u00e9e avec pr\u00e9cision et souci du d\u00e9tail, cette bague est le choix id\u00e9al pour ceux qui recherchent une pi\u00e8ce \u00e0 la fois \u00e9l\u00e9gante et luxueuse. Que ce soit pour une occasion sp\u00e9ciale ou simplement pour se faire plaisir, la bague Emerine ajoutera une touche d&rsquo;\u00e9clat et de sophistication \u00e0 votre style.<\/p>\n","protected":false},"excerpt":{"rendered":"<p>La bague de fian\u00e7ailles Emerine en or 18 carats est une pi\u00e8ce magnifique qui met en valeur la beaut\u00e9 des diamants. Avec un poids total de<span class=\"excerpt-hellip\"> [\u2026]<\/span><\/p>\n","protected":false},"featured_media":5529,"template":"","meta":{"_seopress_robots_primary_cat":"","_seopress_titles_title":"","_seopress_titles_desc":"","_seopress_robots_index":"","_seopress_analysis_target_kw":"","iawp_total_views":15},"product_brand":[],"product_cat":[78],"product_tag":[],"class_list":{"0":"post-42471","1":"product","2":"type-product","3":"status-publish","4":"has-post-thumbnail","6":"product_cat-bagues-diamants","8":"first","9":"instock","10":"shipping-taxable","11":"purchasable","12":"product-type-variable"},"_links":{"self":[{"href":"https:\/\/www.tc26-bijoux.com\/index.php?rest_route=\/wp\/v2\/product\/42471","targetHints":{"allow":["GET"]}}],"collection":[{"href":"https:\/\/www.tc26-bijoux.com\/index.php?rest_route=\/wp\/v2\/product"}],"about":[{"href":"https:\/\/www.tc26-bijoux.com\/index.php?rest_route=\/wp\/v2\/types\/product"}],"wp:featuredmedia":[{"embeddable":true,"href":"https:\/\/www.tc26-bijoux.com\/index.php?rest_route=\/wp\/v2\/media\/5529"}],"wp:attachment":[{"href":"https:\/\/www.tc26-bijoux.com\/index.php?rest_route=%2Fwp%2Fv2%2Fmedia&parent=42471"}],"wp:term":[{"taxonomy":"product_brand","embeddable":true,"href":"https:\/\/www.tc26-bijoux.com\/index.php?rest_route=%2Fwp%2Fv2%2Fproduct_brand&post=42471"},{"taxonomy":"product_cat","embeddable":true,"href":"https:\/\/www.tc26-bijoux.com\/index.php?rest_route=%2Fwp%2Fv2%2Fproduct_cat&post=42471"},{"taxonomy":"product_tag","embeddable":true,"href":"https:\/\/www.tc26-bijoux.com\/index.php?rest_route=%2Fwp%2Fv2%2Fproduct_tag&post=42471"}],"curies":[{"name":"wp","href":"https:\/\/api.w.org\/{rel}","templated":true}]}}