{"id":42508,"date":"2025-03-12T02:26:53","date_gmt":"2025-03-12T01:26:53","guid":{"rendered":"https:\/\/www.tc26-bijoux.com\/?post_type=product&#038;p=42508"},"modified":"2025-03-21T13:47:34","modified_gmt":"2025-03-21T12:47:34","slug":"adonis-or-blanc-diamant-aigue-marine-2","status":"publish","type":"product","link":"https:\/\/www.tc26-bijoux.com\/?product=adonis-or-blanc-diamant-aigue-marine-2","title":{"rendered":"Adonis or blanc, diamant aigu\u00eb marine"},"content":{"rendered":"<p>D\u00e9couvrez l&rsquo;\u00e9l\u00e9gance intemporelle de cette magnifique bague en or 18 carats. Sa couleur Or blanche apporte une touche de sophistication \u00e0 son design raffin\u00e9. Cette bague est orn\u00e9e de diamants de qualit\u00e9 exceptionnelle qui ajoutent une brillance incomparable.<\/p>\n","protected":false},"excerpt":{"rendered":"<p>D\u00e9couvrez l&rsquo;\u00e9l\u00e9gance intemporelle de cette magnifique bague en or 18 carats. Sa couleur Or blanche apporte une touche de sophistication \u00e0 son design raffin\u00e9. Cette bague<span class=\"excerpt-hellip\"> [\u2026]<\/span><\/p>\n","protected":false},"featured_media":7370,"template":"","meta":{"_seopress_robots_primary_cat":"","_seopress_titles_title":"","_seopress_titles_desc":"","_seopress_robots_index":"","_seopress_analysis_target_kw":"","iawp_total_views":1},"product_brand":[],"product_cat":[78],"product_tag":[],"class_list":{"0":"post-42508","1":"product","2":"type-product","3":"status-publish","4":"has-post-thumbnail","6":"product_cat-bagues-diamants","8":"first","9":"instock","10":"shipping-taxable","11":"purchasable","12":"product-type-variable"},"_links":{"self":[{"href":"https:\/\/www.tc26-bijoux.com\/index.php?rest_route=\/wp\/v2\/product\/42508","targetHints":{"allow":["GET"]}}],"collection":[{"href":"https:\/\/www.tc26-bijoux.com\/index.php?rest_route=\/wp\/v2\/product"}],"about":[{"href":"https:\/\/www.tc26-bijoux.com\/index.php?rest_route=\/wp\/v2\/types\/product"}],"wp:featuredmedia":[{"embeddable":true,"href":"https:\/\/www.tc26-bijoux.com\/index.php?rest_route=\/wp\/v2\/media\/7370"}],"wp:attachment":[{"href":"https:\/\/www.tc26-bijoux.com\/index.php?rest_route=%2Fwp%2Fv2%2Fmedia&parent=42508"}],"wp:term":[{"taxonomy":"product_brand","embeddable":true,"href":"https:\/\/www.tc26-bijoux.com\/index.php?rest_route=%2Fwp%2Fv2%2Fproduct_brand&post=42508"},{"taxonomy":"product_cat","embeddable":true,"href":"https:\/\/www.tc26-bijoux.com\/index.php?rest_route=%2Fwp%2Fv2%2Fproduct_cat&post=42508"},{"taxonomy":"product_tag","embeddable":true,"href":"https:\/\/www.tc26-bijoux.com\/index.php?rest_route=%2Fwp%2Fv2%2Fproduct_tag&post=42508"}],"curies":[{"name":"wp","href":"https:\/\/api.w.org\/{rel}","templated":true}]}}