{"id":42767,"date":"2025-03-12T02:28:04","date_gmt":"2025-03-12T01:28:04","guid":{"rendered":"https:\/\/www.tc26-bijoux.com\/?post_type=product&#038;p=42767"},"modified":"2025-03-21T13:47:55","modified_gmt":"2025-03-21T12:47:55","slug":"bague-or-diamants-amaury","status":"publish","type":"product","link":"https:\/\/www.tc26-bijoux.com\/?product=bague-or-diamants-amaury","title":{"rendered":"Bague Or Diamants Amaury"},"content":{"rendered":"<p>D\u00e9couvrez la bague \u00ab\u00a0Amaury\u00a0\u00bb, un bijou en or 18 carats d&rsquo;une \u00e9l\u00e9gance intemporelle. L&rsquo;or blanc souligne la beaut\u00e9 des diamants qui ornent cette bague.Les diamants, d&rsquo;une couleur G et d&rsquo;une puret\u00e9 VS, scintillent de mille feux, ajoutant une touche de glamour \u00e0 votre look.<\/p>\n","protected":false},"excerpt":{"rendered":"<p>Mati\u00e8re : Or 18 Carats<\/p>\n<p>Couleur m\u00e9tal : Blanc\u00a0<\/p>\n<p>Nature des\u00a0Pierres : Diamants\u00a0<\/p>\n<p>Couleur des\u00a0Diamants : G<\/p>\n<p>Puret\u00e9 des\u00a0Diamants : VS<\/p>\n<p>Poid Total des diamants\u00a0\u00a0: 1.80\u00a0Carats<\/p>\n<p>Dimension :\u00a012.3&#215;22.6\u00a0mm<\/p>\n<p>R\u00e9f\u00e9rence : XYR12837<\/p>\n","protected":false},"featured_media":6600,"template":"","meta":{"_seopress_robots_primary_cat":"","_seopress_titles_title":"","_seopress_titles_desc":"","_seopress_robots_index":"","_seopress_analysis_target_kw":"","iawp_total_views":4},"product_brand":[],"product_cat":[78],"product_tag":[],"class_list":{"0":"post-42767","1":"product","2":"type-product","3":"status-publish","4":"has-post-thumbnail","6":"product_cat-bagues-diamants","8":"first","9":"instock","10":"shipping-taxable","11":"purchasable","12":"product-type-variable"},"_links":{"self":[{"href":"https:\/\/www.tc26-bijoux.com\/index.php?rest_route=\/wp\/v2\/product\/42767","targetHints":{"allow":["GET"]}}],"collection":[{"href":"https:\/\/www.tc26-bijoux.com\/index.php?rest_route=\/wp\/v2\/product"}],"about":[{"href":"https:\/\/www.tc26-bijoux.com\/index.php?rest_route=\/wp\/v2\/types\/product"}],"wp:featuredmedia":[{"embeddable":true,"href":"https:\/\/www.tc26-bijoux.com\/index.php?rest_route=\/wp\/v2\/media\/6600"}],"wp:attachment":[{"href":"https:\/\/www.tc26-bijoux.com\/index.php?rest_route=%2Fwp%2Fv2%2Fmedia&parent=42767"}],"wp:term":[{"taxonomy":"product_brand","embeddable":true,"href":"https:\/\/www.tc26-bijoux.com\/index.php?rest_route=%2Fwp%2Fv2%2Fproduct_brand&post=42767"},{"taxonomy":"product_cat","embeddable":true,"href":"https:\/\/www.tc26-bijoux.com\/index.php?rest_route=%2Fwp%2Fv2%2Fproduct_cat&post=42767"},{"taxonomy":"product_tag","embeddable":true,"href":"https:\/\/www.tc26-bijoux.com\/index.php?rest_route=%2Fwp%2Fv2%2Fproduct_tag&post=42767"}],"curies":[{"name":"wp","href":"https:\/\/api.w.org\/{rel}","templated":true}]}}