{"id":42804,"date":"2025-03-12T02:28:17","date_gmt":"2025-03-12T01:28:17","guid":{"rendered":"https:\/\/www.tc26-bijoux.com\/?post_type=product&#038;p=42804"},"modified":"2025-03-21T13:47:57","modified_gmt":"2025-03-21T12:47:57","slug":"alixe-or-blancdiamant-aigue-marine-2","status":"publish","type":"product","link":"https:\/\/www.tc26-bijoux.com\/?product=alixe-or-blancdiamant-aigue-marine-2","title":{"rendered":"Alixe or blanc,diamant aigu\u00eb marine"},"content":{"rendered":"<p>La bague \u00ab\u00a0Alixe\u00a0\u00bb est une pi\u00e8ce somptueuse en or 18 carats, mettant en valeur la beaut\u00e9 de l aigue Marine en tant que pierre principale. Les diamants qui l&rsquo;entourent, avec une couleur G et une puret\u00e9 VS, ajoutent une lueur \u00e9tincelante \u00e0 cette cr\u00e9ation. Avec un poids total de diamants allant de 0,29 \u00e0 0,35 carats et un poids total de pierre principale de 2,41 \u00e0 2,60 carats, cette bague offre un \u00e9clat remarquable.<\/p>\n","protected":false},"excerpt":{"rendered":"<p>La bague \u00ab\u00a0Alixe\u00a0\u00bb est une pi\u00e8ce somptueuse en or 18 carats, mettant en valeur la beaut\u00e9 de l aigue Marine en tant que pierre principale. Les<span class=\"excerpt-hellip\"> [\u2026]<\/span><\/p>\n","protected":false},"featured_media":7740,"template":"","meta":{"_seopress_robots_primary_cat":"","_seopress_titles_title":"","_seopress_titles_desc":"","_seopress_robots_index":"","_seopress_analysis_target_kw":"","iawp_total_views":7},"product_brand":[],"product_cat":[78],"product_tag":[],"class_list":{"0":"post-42804","1":"product","2":"type-product","3":"status-publish","4":"has-post-thumbnail","6":"product_cat-bagues-diamants","8":"first","9":"instock","10":"shipping-taxable","11":"purchasable","12":"product-type-variable"},"_links":{"self":[{"href":"https:\/\/www.tc26-bijoux.com\/index.php?rest_route=\/wp\/v2\/product\/42804","targetHints":{"allow":["GET"]}}],"collection":[{"href":"https:\/\/www.tc26-bijoux.com\/index.php?rest_route=\/wp\/v2\/product"}],"about":[{"href":"https:\/\/www.tc26-bijoux.com\/index.php?rest_route=\/wp\/v2\/types\/product"}],"wp:featuredmedia":[{"embeddable":true,"href":"https:\/\/www.tc26-bijoux.com\/index.php?rest_route=\/wp\/v2\/media\/7740"}],"wp:attachment":[{"href":"https:\/\/www.tc26-bijoux.com\/index.php?rest_route=%2Fwp%2Fv2%2Fmedia&parent=42804"}],"wp:term":[{"taxonomy":"product_brand","embeddable":true,"href":"https:\/\/www.tc26-bijoux.com\/index.php?rest_route=%2Fwp%2Fv2%2Fproduct_brand&post=42804"},{"taxonomy":"product_cat","embeddable":true,"href":"https:\/\/www.tc26-bijoux.com\/index.php?rest_route=%2Fwp%2Fv2%2Fproduct_cat&post=42804"},{"taxonomy":"product_tag","embeddable":true,"href":"https:\/\/www.tc26-bijoux.com\/index.php?rest_route=%2Fwp%2Fv2%2Fproduct_tag&post=42804"}],"curies":[{"name":"wp","href":"https:\/\/api.w.org\/{rel}","templated":true}]}}