{"id":42878,"date":"2025-03-12T02:28:36","date_gmt":"2025-03-12T01:28:36","guid":{"rendered":"https:\/\/www.tc26-bijoux.com\/?post_type=product&#038;p=42878"},"modified":"2025-03-21T13:48:06","modified_gmt":"2025-03-21T12:48:06","slug":"solitaire-diamants-et-or-18-carats-abi-2","status":"publish","type":"product","link":"https:\/\/www.tc26-bijoux.com\/?product=solitaire-diamants-et-or-18-carats-abi-2","title":{"rendered":"Solitaire Diamants et Or 18 Carats Abi"},"content":{"rendered":"<p>Le solitaire en diamant et or 18 carats \u00ab\u00a0Abi\u00a0\u00bb est un bijou d&rsquo;une \u00e9l\u00e9gance classique et intemporelle. Le diamant central a un caratage de 0,20 carat, tandis que le caratage total de l&rsquo;ensemble des diamants atteint 0,40 carat. Les diamants affichent une puret\u00e9 GVS, assurant leur \u00e9clat et leur qualit\u00e9. Avec une largeur de bande de 1,8 mm, ce solitaire en diamant met en valeur la pierre centrale de mani\u00e8re subtile et sophistiqu\u00e9e. Le solitaire \u00ab\u00a0Abi\u00a0\u00bb est un choix parfait pour c\u00e9l\u00e9brer des moments sp\u00e9ciaux avec \u00e9l\u00e9gance et raffinement.<\/p>\n","protected":false},"excerpt":{"rendered":"<p>Le solitaire en diamant et or 18 carats \u00ab\u00a0Abi\u00a0\u00bb est un bijou d&rsquo;une \u00e9l\u00e9gance classique et intemporelle. Le diamant central a un caratage de 0,20 carat,<span class=\"excerpt-hellip\"> [\u2026]<\/span><\/p>\n","protected":false},"featured_media":5878,"template":"","meta":{"_seopress_robots_primary_cat":"","_seopress_titles_title":"","_seopress_titles_desc":"","_seopress_robots_index":"","_seopress_analysis_target_kw":"","iawp_total_views":3},"product_brand":[],"product_cat":[78],"product_tag":[],"class_list":{"0":"post-42878","1":"product","2":"type-product","3":"status-publish","4":"has-post-thumbnail","6":"product_cat-bagues-diamants","8":"first","9":"instock","10":"shipping-taxable","11":"purchasable","12":"product-type-variable"},"_links":{"self":[{"href":"https:\/\/www.tc26-bijoux.com\/index.php?rest_route=\/wp\/v2\/product\/42878","targetHints":{"allow":["GET"]}}],"collection":[{"href":"https:\/\/www.tc26-bijoux.com\/index.php?rest_route=\/wp\/v2\/product"}],"about":[{"href":"https:\/\/www.tc26-bijoux.com\/index.php?rest_route=\/wp\/v2\/types\/product"}],"wp:featuredmedia":[{"embeddable":true,"href":"https:\/\/www.tc26-bijoux.com\/index.php?rest_route=\/wp\/v2\/media\/5878"}],"wp:attachment":[{"href":"https:\/\/www.tc26-bijoux.com\/index.php?rest_route=%2Fwp%2Fv2%2Fmedia&parent=42878"}],"wp:term":[{"taxonomy":"product_brand","embeddable":true,"href":"https:\/\/www.tc26-bijoux.com\/index.php?rest_route=%2Fwp%2Fv2%2Fproduct_brand&post=42878"},{"taxonomy":"product_cat","embeddable":true,"href":"https:\/\/www.tc26-bijoux.com\/index.php?rest_route=%2Fwp%2Fv2%2Fproduct_cat&post=42878"},{"taxonomy":"product_tag","embeddable":true,"href":"https:\/\/www.tc26-bijoux.com\/index.php?rest_route=%2Fwp%2Fv2%2Fproduct_tag&post=42878"}],"curies":[{"name":"wp","href":"https:\/\/api.w.org\/{rel}","templated":true}]}}