{"id":42915,"date":"2025-03-12T02:28:46","date_gmt":"2025-03-12T01:28:46","guid":{"rendered":"https:\/\/www.tc26-bijoux.com\/?post_type=product&#038;p=42915"},"modified":"2025-03-21T13:48:09","modified_gmt":"2025-03-21T12:48:09","slug":"solitaire-diamants-alexina","status":"publish","type":"product","link":"https:\/\/www.tc26-bijoux.com\/?product=solitaire-diamants-alexina","title":{"rendered":"Solitaire Diamants Alexina"},"content":{"rendered":"<p>D\u00e9couvrez \u00ab\u00a0Alexina\u00a0\u00bb, une bague de fian\u00e7ailles en or 18 carats d&rsquo;une \u00e9l\u00e9gance supr\u00eame. L&rsquo;or blanc ajoute une touche de sophistication et de puret\u00e9 \u00e0 cette pi\u00e8ce exquise. Les diamants, soigneusement s\u00e9lectionn\u00e9s, embellissent magnifiquement la bague, ajoutant une brillance et une \u00e9tincelle remarquables. Avec sa combinaison parfaite de mat\u00e9riaux pr\u00e9cieux et de diamants \u00e9tincelants, \u00ab\u00a0Alexina\u00a0\u00bb est une v\u00e9ritable expression de beaut\u00e9 intemporelle.<\/p>\n","protected":false},"excerpt":{"rendered":"<p>D\u00e9couvrez \u00ab\u00a0Alexina\u00a0\u00bb, une bague de fian\u00e7ailles en or 18 carats d&rsquo;une \u00e9l\u00e9gance supr\u00eame. L&rsquo;or blanc ajoute une touche de sophistication et de puret\u00e9 \u00e0 cette pi\u00e8ce<span class=\"excerpt-hellip\"> [\u2026]<\/span><\/p>\n","protected":false},"featured_media":6785,"template":"","meta":{"_seopress_robots_primary_cat":"","_seopress_titles_title":"","_seopress_titles_desc":"","_seopress_robots_index":"","_seopress_analysis_target_kw":"","iawp_total_views":2},"product_brand":[],"product_cat":[78],"product_tag":[],"class_list":{"0":"post-42915","1":"product","2":"type-product","3":"status-publish","4":"has-post-thumbnail","6":"product_cat-bagues-diamants","8":"first","9":"instock","10":"shipping-taxable","11":"purchasable","12":"product-type-variable"},"_links":{"self":[{"href":"https:\/\/www.tc26-bijoux.com\/index.php?rest_route=\/wp\/v2\/product\/42915","targetHints":{"allow":["GET"]}}],"collection":[{"href":"https:\/\/www.tc26-bijoux.com\/index.php?rest_route=\/wp\/v2\/product"}],"about":[{"href":"https:\/\/www.tc26-bijoux.com\/index.php?rest_route=\/wp\/v2\/types\/product"}],"wp:featuredmedia":[{"embeddable":true,"href":"https:\/\/www.tc26-bijoux.com\/index.php?rest_route=\/wp\/v2\/media\/6785"}],"wp:attachment":[{"href":"https:\/\/www.tc26-bijoux.com\/index.php?rest_route=%2Fwp%2Fv2%2Fmedia&parent=42915"}],"wp:term":[{"taxonomy":"product_brand","embeddable":true,"href":"https:\/\/www.tc26-bijoux.com\/index.php?rest_route=%2Fwp%2Fv2%2Fproduct_brand&post=42915"},{"taxonomy":"product_cat","embeddable":true,"href":"https:\/\/www.tc26-bijoux.com\/index.php?rest_route=%2Fwp%2Fv2%2Fproduct_cat&post=42915"},{"taxonomy":"product_tag","embeddable":true,"href":"https:\/\/www.tc26-bijoux.com\/index.php?rest_route=%2Fwp%2Fv2%2Fproduct_tag&post=42915"}],"curies":[{"name":"wp","href":"https:\/\/api.w.org\/{rel}","templated":true}]}}