{"id":42952,"date":"2025-03-12T02:28:55","date_gmt":"2025-03-12T01:28:55","guid":{"rendered":"https:\/\/www.tc26-bijoux.com\/?post_type=product&#038;p=42952"},"modified":"2025-03-21T13:48:12","modified_gmt":"2025-03-21T12:48:12","slug":"bague-or-diamants-anette","status":"publish","type":"product","link":"https:\/\/www.tc26-bijoux.com\/?product=bague-or-diamants-anette","title":{"rendered":"Bague Or Diamants Anette"},"content":{"rendered":"<p>La bague Anette en or 18 carats est disponible en couleur or rose ou jaune. Elle pr\u00e9sente des diamants de couleur G et de puret\u00e9 VS, ainsi qu&rsquo;une pierre principale en citrine. Les dimensions varient entre 8,6&#215;9,3 mm et 11,1&#215;13 mm, avec une largeur de bande de 2,0 mm ou 2,3 mm. Les r\u00e9f\u00e9rences sont SL7651 et SL7655. Ces bagues offrent un mariage harmonieux entre l&rsquo;\u00e9clat des diamants et la beaut\u00e9 de la citrine, ajoutant une touche de couleur et d&rsquo;\u00e9l\u00e9gance \u00e0 votre style.<\/p>\n","protected":false},"excerpt":{"rendered":"<p>Mati\u00e8re : Or\u00a018 Carats<\/p>\n<p>Couleur m\u00e9tal : Rose \/ Jaune\u00a0<\/p>\n<p>Nature des\u00a0Pierres : Diamants\u00a0<\/p>\n<p>Nature de la pierre principale : CITRINE\u00a0\u00a0<\/p>\n<p>Couleur des\u00a0Diamants : G<\/p>\n<p>Puret\u00e9 des\u00a0Diamants : VS<\/p>\n<p>Poid Total des diamants\u00a0\u00a0: 0.30 \/ 0.50\u00a0Carats<\/p>\n<p>Poid Total de la pierre principale : 0.70 \/ 2.20\u00a0Carats<\/p>\n<p>Dimension :\u00a08.6&#215;9.3 \/ 11.1&#215;13\u00a0 mm<\/p>\n<p>Largeur de la bande : 2.0 \/ 2.3 mm<\/p>\n<p>R\u00e9f\u00e9rence : SL7651 \/ SL7655<\/p>\n","protected":false},"featured_media":7925,"template":"","meta":{"_seopress_robots_primary_cat":"","_seopress_titles_title":"","_seopress_titles_desc":"","_seopress_robots_index":"","_seopress_analysis_target_kw":"","iawp_total_views":0},"product_brand":[],"product_cat":[78],"product_tag":[],"class_list":{"0":"post-42952","1":"product","2":"type-product","3":"status-publish","4":"has-post-thumbnail","6":"product_cat-bagues-diamants","8":"first","9":"instock","10":"shipping-taxable","11":"purchasable","12":"product-type-variable"},"_links":{"self":[{"href":"https:\/\/www.tc26-bijoux.com\/index.php?rest_route=\/wp\/v2\/product\/42952","targetHints":{"allow":["GET"]}}],"collection":[{"href":"https:\/\/www.tc26-bijoux.com\/index.php?rest_route=\/wp\/v2\/product"}],"about":[{"href":"https:\/\/www.tc26-bijoux.com\/index.php?rest_route=\/wp\/v2\/types\/product"}],"wp:featuredmedia":[{"embeddable":true,"href":"https:\/\/www.tc26-bijoux.com\/index.php?rest_route=\/wp\/v2\/media\/7925"}],"wp:attachment":[{"href":"https:\/\/www.tc26-bijoux.com\/index.php?rest_route=%2Fwp%2Fv2%2Fmedia&parent=42952"}],"wp:term":[{"taxonomy":"product_brand","embeddable":true,"href":"https:\/\/www.tc26-bijoux.com\/index.php?rest_route=%2Fwp%2Fv2%2Fproduct_brand&post=42952"},{"taxonomy":"product_cat","embeddable":true,"href":"https:\/\/www.tc26-bijoux.com\/index.php?rest_route=%2Fwp%2Fv2%2Fproduct_cat&post=42952"},{"taxonomy":"product_tag","embeddable":true,"href":"https:\/\/www.tc26-bijoux.com\/index.php?rest_route=%2Fwp%2Fv2%2Fproduct_tag&post=42952"}],"curies":[{"name":"wp","href":"https:\/\/api.w.org\/{rel}","templated":true}]}}