{"id":43099,"date":"2025-03-12T02:29:39","date_gmt":"2025-03-12T01:29:39","guid":{"rendered":"https:\/\/www.tc26-bijoux.com\/?post_type=product&#038;p=43099"},"modified":"2025-03-21T13:48:38","modified_gmt":"2025-03-21T12:48:38","slug":"solitaire-diamants-et-or-18-carats-ledidy","status":"publish","type":"product","link":"https:\/\/www.tc26-bijoux.com\/?product=solitaire-diamants-et-or-18-carats-ledidy","title":{"rendered":"Solitaire Diamants et Or 18 Carats Ledidy"},"content":{"rendered":"<p>Le solitaire Lady en diamants et or 18 carats est un choix classique et intemporel pour c\u00e9l\u00e9brer l&rsquo;amour et l&rsquo;engagement. Avec diff\u00e9rentes options de caratage pour la pierre centrale &#8211; allant de 0,30 \u00e0 1,00 carats &#8211; vous pouvez choisir la taille qui correspond le mieux \u00e0 vos pr\u00e9f\u00e9rences. La pierre centrale en forme carr\u00e9e ajoute une touche de modernit\u00e9 et d&rsquo;\u00e9l\u00e9gance \u00e0 ce solitaire. Avec un caratage total variant de 0,50 \u00e0 1,35 carats, les diamants qui l&rsquo;entourent offrent un \u00e9clat suppl\u00e9mentaire et une brillance exceptionnelle. Le solitaire Lady est un symbole de puret\u00e9 et de beaut\u00e9, destin\u00e9 \u00e0 briller de mille feux sur votre doigt.<\/p>\n","protected":false},"excerpt":{"rendered":"<p>Mati\u00e8re :Or 18 Carats<\/p>\n<p>Couleur m\u00e9tal : Blanc\u00a0<\/p>\n<p>Nature de\u00a0la \u00a0Pierres : Diamants\u00a0<\/p>\n<p>Caratage de la Pierre Centrale\u00a0\u00a0\u00a0:\u00a00.30\/ 0.40 \/ 0.63 \/ 0.90 \/ 1.00\u00a0Carats<\/p>\n<p>Caratage Total : 0.50 \/ 0.70 \/ 0.90 \/ 1.20 \/ 1.35 Carats\u00a0<\/p>\n<p>Largeur de la bande : 2.2 \/ 2.5 \/ 2.5 \/ 2.5 \/ 2.7\u00a0 mm<\/p>\n<p>Puret\u00e9 \u00a0Diamants : GVS\u00a0<\/p>\n<p>R\u00e9f\u00e9rence : BJR0427 \/ BJR0428 \/ BJR0429 \/ BJR0430 \/ BJR0431<\/p>\n","protected":false},"featured_media":5899,"template":"","meta":{"_seopress_robots_primary_cat":"","_seopress_titles_title":"","_seopress_titles_desc":"","_seopress_robots_index":"","_seopress_analysis_target_kw":"","iawp_total_views":2},"product_brand":[],"product_cat":[78],"product_tag":[],"class_list":{"0":"post-43099","1":"product","2":"type-product","3":"status-publish","4":"has-post-thumbnail","6":"product_cat-bagues-diamants","8":"first","9":"instock","10":"shipping-taxable","11":"purchasable","12":"product-type-variable"},"_links":{"self":[{"href":"https:\/\/www.tc26-bijoux.com\/index.php?rest_route=\/wp\/v2\/product\/43099","targetHints":{"allow":["GET"]}}],"collection":[{"href":"https:\/\/www.tc26-bijoux.com\/index.php?rest_route=\/wp\/v2\/product"}],"about":[{"href":"https:\/\/www.tc26-bijoux.com\/index.php?rest_route=\/wp\/v2\/types\/product"}],"wp:featuredmedia":[{"embeddable":true,"href":"https:\/\/www.tc26-bijoux.com\/index.php?rest_route=\/wp\/v2\/media\/5899"}],"wp:attachment":[{"href":"https:\/\/www.tc26-bijoux.com\/index.php?rest_route=%2Fwp%2Fv2%2Fmedia&parent=43099"}],"wp:term":[{"taxonomy":"product_brand","embeddable":true,"href":"https:\/\/www.tc26-bijoux.com\/index.php?rest_route=%2Fwp%2Fv2%2Fproduct_brand&post=43099"},{"taxonomy":"product_cat","embeddable":true,"href":"https:\/\/www.tc26-bijoux.com\/index.php?rest_route=%2Fwp%2Fv2%2Fproduct_cat&post=43099"},{"taxonomy":"product_tag","embeddable":true,"href":"https:\/\/www.tc26-bijoux.com\/index.php?rest_route=%2Fwp%2Fv2%2Fproduct_tag&post=43099"}],"curies":[{"name":"wp","href":"https:\/\/api.w.org\/{rel}","templated":true}]}}